{"id":15971,"date":"2018-10-23T07:37:33","date_gmt":"2018-10-23T06:37:33","guid":{"rendered":"https:\/\/malaguti.bike\/contact\/"},"modified":"2022-04-12T10:33:12","modified_gmt":"2022-04-12T09:33:12","slug":"contact","status":"publish","type":"page","link":"https:\/\/malaguti.bike\/tr\/contact\/","title":{"rendered":"Contact"},"content":{"rendered":"","protected":false},"excerpt":{"rendered":"","protected":false},"author":3,"featured_media":0,"parent":0,"menu_order":0,"comment_status":"closed","ping_status":"closed","template":"template-contact.php","meta":{"inline_featured_image":false},"acf":{"distributors":[{"country":{"en":"Austria","email":""}},{"country":{"en":"Belgium","email":"customersupport@malaguti.bike"}},{"country":{"en":"France","email":"customersupport@malaguti.bike"}},{"country":{"en":"Germany","email":"customersupport@malaguti.bike"}},{"country":{"en":"Italy","email":"customersupport@malaguti.bike"}},{"country":{"en":"Switzerland","email":"customersupport@malaguti.bike"}},{"country":{"en":"Spain","email":"customersupport@malaguti.bike"}},{"country":{"en":"","email":"customersupport@malaguti.bike"}}],"details":[{"form_name":"consumer","contact_option_text":"Genel bir sorum var.","visible_fields":["firstNameField","lastNameField","emailField","messageField"],"country_list_or_email":"Distributor","to_email":"customerservice@malaguti.bike","optional_cc_email":""},{"form_name":"dealer","contact_option_text":"Malaguti bayisi olmakla ilgileniyorum.","visible_fields":["firstNameField","lastNameField","emailField","cityField","companyField","messageField"],"country_list_or_email":"Distributor","to_email":"customerservice@malaguti.bike","optional_cc_email":""},{"form_name":"media","contact_option_text":"Medyada\/bas\u0131nda \u00e7al\u0131\u015f\u0131yorum ve Malaguti'yi incelemek istiyorum.","visible_fields":["firstNameField","lastNameField","emailField","mediaField","messageField"],"country_list_or_email":"Distributor","to_email":"customerservice@malaguti.bike","optional_cc_email":""}],"contact_form_placeholders":{"country_select":{"en":"\u00dclke se\u00e7in"},"first_name":{"en":"Ad"},"last_name":{"en":"Soyad"},"email":{"en":"E-posta"},"city":{"en":"City"},"company":{"en":"\u015eirket"},"message":{"en":"Haberler"},"optin":{"en":"KVKK mevzuat\u0131 uyar\u0131nca ki\u015fisel verilerimin saklanmas\u0131na, Malaguti \u00fcr\u00fcnleri ve hizmetleriyle ilgili haberler ve g\u00fcncellemeler i\u00e7in benimle ileti\u015fime ge\u00e7ilmesine izin veriyorum."},"send_button":{"en":"Yollamak"}},"imprint":{"en":"<h4>IMPRINT<\/h4>\n<p>Company Name: KSR Group<br \/>\nGeneral Managers: Christian and Michael Kirschenhofer<br \/>\nCompany Register: FN33744z<br \/>\nResponsible Court: Landesgericht Krems<br \/>\nVAT-ID: ATU 18522105<br \/>\nBranding and Website Design: Kastner London<br \/>\nPrivacy Statement: More information here<\/p>\n<p>All information is provided without warranty. Errors and changes are reserved.<\/p>\n"},"meta_description":"Malaguti - The spirit of Bologna: Designed to open up the busiest streets, Malaguti\u2019s next generation is coming. It\u2019s a dynamic range of motorcycles with uncompromising style. ","meta_keywords":"Malaguti, Sport, Street, Supermoto, Enduro, Adventure, City, Motorcycles, Motorbike, Bike, Scooter, 125cc, 300cc, Dealersearch, Spirit of Bologna, motorcycle, Dune, Monte Pro, Monte, Madison, RST, XSM, XTM","intro_copy":{"en":"<h3>leti\u015fim<\/h3>\n"},"confirmation_page":""},"_links":{"self":[{"href":"https:\/\/malaguti.bike\/tr\/wp-json\/wp\/v2\/pages\/15971"}],"collection":[{"href":"https:\/\/malaguti.bike\/tr\/wp-json\/wp\/v2\/pages"}],"about":[{"href":"https:\/\/malaguti.bike\/tr\/wp-json\/wp\/v2\/types\/page"}],"author":[{"embeddable":true,"href":"https:\/\/malaguti.bike\/tr\/wp-json\/wp\/v2\/users\/3"}],"replies":[{"embeddable":true,"href":"https:\/\/malaguti.bike\/tr\/wp-json\/wp\/v2\/comments?post=15971"}],"version-history":[{"count":2,"href":"https:\/\/malaguti.bike\/tr\/wp-json\/wp\/v2\/pages\/15971\/revisions"}],"predecessor-version":[{"id":19401,"href":"https:\/\/malaguti.bike\/tr\/wp-json\/wp\/v2\/pages\/15971\/revisions\/19401"}],"wp:attachment":[{"href":"https:\/\/malaguti.bike\/tr\/wp-json\/wp\/v2\/media?parent=15971"}],"curies":[{"name":"wp","href":"https:\/\/api.w.org\/{rel}","templated":true}]}}