{"id":15960,"date":"2021-01-05T12:56:52","date_gmt":"2021-01-05T12:56:52","guid":{"rendered":"https:\/\/malaguti.bike\/newsletter-confirmed\/"},"modified":"2022-04-12T09:31:47","modified_gmt":"2022-04-12T08:31:47","slug":"newsletter-confirmed","status":"publish","type":"page","link":"https:\/\/malaguti.bike\/tr\/newsletter-confirmed\/","title":{"rendered":"Newsletter confirmed"},"content":{"rendered":"<h2 id=\"tw-target-text\" class=\"tw-data-text tw-text-large tw-ta\" dir=\"ltr\" data-placeholder=\"\u00dcbersetzung\"><span class=\"Y2IQFc\" lang=\"tr\">Abone oldu\u011funuz i\u00e7in te\u015fekk\u00fcrler<\/span><\/h2>\n","protected":false},"excerpt":{"rendered":"<p>Abone oldu\u011funuz i\u00e7in te\u015fekk\u00fcrler<\/p>\n","protected":false},"author":4,"featured_media":0,"parent":0,"menu_order":0,"comment_status":"closed","ping_status":"closed","template":"template-legal.php","meta":{"inline_featured_image":false},"acf":false,"_links":{"self":[{"href":"https:\/\/malaguti.bike\/tr\/wp-json\/wp\/v2\/pages\/15960"}],"collection":[{"href":"https:\/\/malaguti.bike\/tr\/wp-json\/wp\/v2\/pages"}],"about":[{"href":"https:\/\/malaguti.bike\/tr\/wp-json\/wp\/v2\/types\/page"}],"author":[{"embeddable":true,"href":"https:\/\/malaguti.bike\/tr\/wp-json\/wp\/v2\/users\/4"}],"replies":[{"embeddable":true,"href":"https:\/\/malaguti.bike\/tr\/wp-json\/wp\/v2\/comments?post=15960"}],"version-history":[{"count":1,"href":"https:\/\/malaguti.bike\/tr\/wp-json\/wp\/v2\/pages\/15960\/revisions"}],"predecessor-version":[{"id":19391,"href":"https:\/\/malaguti.bike\/tr\/wp-json\/wp\/v2\/pages\/15960\/revisions\/19391"}],"wp:attachment":[{"href":"https:\/\/malaguti.bike\/tr\/wp-json\/wp\/v2\/media?parent=15960"}],"curies":[{"name":"wp","href":"https:\/\/api.w.org\/{rel}","templated":true}]}}