{"id":8723,"date":"2018-10-23T07:37:33","date_gmt":"2018-10-23T06:37:33","guid":{"rendered":"http:\/\/malaguti.bike\/contact\/"},"modified":"2021-12-07T13:54:01","modified_gmt":"2021-12-07T13:54:01","slug":"contact","status":"publish","type":"page","link":"https:\/\/malaguti.bike\/pt-pt\/contact\/","title":{"rendered":"Contact"},"content":{"rendered":"","protected":false},"excerpt":{"rendered":"","protected":false},"author":3,"featured_media":0,"parent":0,"menu_order":0,"comment_status":"closed","ping_status":"closed","template":"template-contact.php","meta":{"inline_featured_image":false},"acf":{"intro_copy":{"en":"<h3>CONTACTOS<\/h3>\n"},"details":[{"form_name":"consumer","contact_option_text":"Tenho uma pergunta geral.","visible_fields":["firstNameField","lastNameField","emailField","messageField"],"country_list_or_email":"Email","to_email":"customerservice@malaguti.bike","optional_cc_email":""},{"form_name":"dealer","contact_option_text":"Estou interessado em ser Concession\u00e1rio.","visible_fields":["firstNameField","lastNameField","emailField","cityField","companyField","messageField"],"country_list_or_email":"Email","to_email":"customerservice@malaguti.bike","optional_cc_email":""},{"form_name":"media","contact_option_text":"Trabalho na Comunica\u00e7\u00e3o Social e gostava de testar os modelos Malaguti.","visible_fields":["firstNameField","lastNameField","emailField","mediaField","messageField"],"country_list_or_email":"Email","to_email":"customerservice@malaguti.bike","optional_cc_email":""}],"contact_form_placeholders":{"country_select":{"en":"Seleccionar o Pa\u00eds"},"first_name":{"en":"Nome"},"last_name":{"en":"Apelido"},"email":{"en":"Email"},"city":{"en":"Cidade"},"company":{"en":"Empresa"},"message":{"en":"Mensagem"},"optin":{"en":"Autorizo a Malaguti a guardar os meus dados pessoais e a contactar-me com not\u00edcias e actualiza\u00e7\u00f5es sobre os produtos e servi\u00e7os Malaguti, de acordo com a Legisla\u00e7\u00e3o Europeia sobre o Regulamento Geral de Protec\u00e7\u00e3o de Dados (GDPR)."},"send_button":{"en":"Enviar"}},"imprint":{"en":"<h4>IMPRINT<\/h4>\n<p>Company Name: KSR Group<br \/>\nGeneral Managers: Christian and Michael Kirschenhofer<br \/>\nCompany Register: FN33744z<br \/>\nResponsible Court: Landesgericht Krems<br \/>\nVAT-ID: ATU 18522105<br \/>\nBranding and Website Design: Kastner London<br \/>\nPrivacy Statement: More information here<\/p>\n<p>All information is provided without warranty. Errors and changes are reserved.<\/p>\n"},"meta_description":"Malaguti - The spirit of Bologna: Designed to open up the busiest streets, Malaguti\u2019s next generation is coming. It\u2019s a dynamic range of motorcycles with uncompromising style. ","meta_keywords":"Malaguti, Sport, Street, Supermoto, Enduro, Adventure, City, Motorcycles, Motorbike, Bike, Scooter, 125cc, 300cc, Dealersearch, Spirit of Bologna, motorcycle, Dune, Monte Pro, Monte, Madison, RST, XSM, XTM","confirmation_page":"","distributors":[{"country":{"en":"Austria","email":"customersupport@malaguti.bike"}},{"country":{"en":"Belgium","email":"customersupport@malaguti.bike"}},{"country":{"en":"France","email":"customersupport@malaguti.bike"}},{"country":{"en":"Germany","email":"customersupport@malaguti.bike"}},{"country":{"en":"Italy","email":"customersupport@malaguti.bike"}},{"country":{"en":"Switzerland","email":"customersupport@malaguti.bike"}},{"country":{"en":"Spain","email":"customersupport@malaguti.bike"}},{"country":{"en":"","email":""}}]},"_links":{"self":[{"href":"https:\/\/malaguti.bike\/pt-pt\/wp-json\/wp\/v2\/pages\/8723"}],"collection":[{"href":"https:\/\/malaguti.bike\/pt-pt\/wp-json\/wp\/v2\/pages"}],"about":[{"href":"https:\/\/malaguti.bike\/pt-pt\/wp-json\/wp\/v2\/types\/page"}],"author":[{"embeddable":true,"href":"https:\/\/malaguti.bike\/pt-pt\/wp-json\/wp\/v2\/users\/3"}],"replies":[{"embeddable":true,"href":"https:\/\/malaguti.bike\/pt-pt\/wp-json\/wp\/v2\/comments?post=8723"}],"version-history":[{"count":3,"href":"https:\/\/malaguti.bike\/pt-pt\/wp-json\/wp\/v2\/pages\/8723\/revisions"}],"predecessor-version":[{"id":11867,"href":"https:\/\/malaguti.bike\/pt-pt\/wp-json\/wp\/v2\/pages\/8723\/revisions\/11867"}],"wp:attachment":[{"href":"https:\/\/malaguti.bike\/pt-pt\/wp-json\/wp\/v2\/media?parent=8723"}],"curies":[{"name":"wp","href":"https:\/\/api.w.org\/{rel}","templated":true}]}}