{"id":8718,"date":"2019-03-21T14:12:19","date_gmt":"2019-03-21T14:12:19","guid":{"rendered":"http:\/\/malaguti.bike\/dealers\/"},"modified":"2021-04-07T13:50:53","modified_gmt":"2021-04-07T12:50:53","slug":"dealers","status":"publish","type":"page","link":"https:\/\/malaguti.bike\/pt-pt\/dealers\/","title":{"rendered":"Dealers"},"content":{"rendered":"<h1>FIND A DEALER<\/h1>\n","protected":false},"excerpt":{"rendered":"<p>FIND A DEALER<\/p>\n","protected":false},"author":3,"featured_media":0,"parent":0,"menu_order":0,"comment_status":"closed","ping_status":"closed","template":"template-dealer.php","meta":{"inline_featured_image":false},"acf":{"bottom_text":"","legal_text":"","search_placeholder":"Introduza um local para encontrar o seu concession\u00e1rios Malaguti mais pr\u00f3ximo","search_button_label":"Pesquisa","meta_description":"Malaguti - The Spirit of Bologna: Concession\u00e1rios","meta_keywords":"Malaguti, Sport, Street, Supermoto, Enduro, Adventure, City, Motorcycles, Motorbike, Bike, Scooter, 125cc, 300cc, Dealersearch, Spirit of Bologna, motorcycle, Dune, Monte Pro, Monte, Madison, RST, XSM, XTM","share_image":"https:\/\/malaguti.bike\/wp-content\/uploads\/sites\/3\/2019\/03\/malaguti_main.jpg"},"_links":{"self":[{"href":"https:\/\/malaguti.bike\/pt-pt\/wp-json\/wp\/v2\/pages\/8718"}],"collection":[{"href":"https:\/\/malaguti.bike\/pt-pt\/wp-json\/wp\/v2\/pages"}],"about":[{"href":"https:\/\/malaguti.bike\/pt-pt\/wp-json\/wp\/v2\/types\/page"}],"author":[{"embeddable":true,"href":"https:\/\/malaguti.bike\/pt-pt\/wp-json\/wp\/v2\/users\/3"}],"replies":[{"embeddable":true,"href":"https:\/\/malaguti.bike\/pt-pt\/wp-json\/wp\/v2\/comments?post=8718"}],"version-history":[{"count":1,"href":"https:\/\/malaguti.bike\/pt-pt\/wp-json\/wp\/v2\/pages\/8718\/revisions"}],"predecessor-version":[{"id":8753,"href":"https:\/\/malaguti.bike\/pt-pt\/wp-json\/wp\/v2\/pages\/8718\/revisions\/8753"}],"wp:attachment":[{"href":"https:\/\/malaguti.bike\/pt-pt\/wp-json\/wp\/v2\/media?parent=8718"}],"curies":[{"name":"wp","href":"https:\/\/api.w.org\/{rel}","templated":true}]}}