{"id":8710,"date":"2021-01-05T09:23:24","date_gmt":"2021-01-05T09:23:24","guid":{"rendered":"http:\/\/malaguti.bike\/newsletter\/"},"modified":"2021-04-07T13:54:58","modified_gmt":"2021-04-07T12:54:58","slug":"newsletter","status":"publish","type":"page","link":"https:\/\/malaguti.bike\/pt-pt\/newsletter\/","title":{"rendered":"Newsletter"},"content":{"rendered":"","protected":false},"excerpt":{"rendered":"","protected":false},"author":4,"featured_media":0,"parent":0,"menu_order":0,"comment_status":"closed","ping_status":"closed","template":"news-letter-template.php","meta":{"inline_featured_image":false},"acf":{"intro_copy":"<h1>Regista-te para receber a nossa Newsletter<\/h1>\n","first_name_label":"Nome","last_name_label":"Apelido","email_label":"Email","opt-in_copy":"Autorizo a Malaguti a guardar os meus dados pessoais e a contactar-me com not\u00edcias e actualiza\u00e7\u00f5es sobre os produtos e servi\u00e7os Malaguti, de acordo com a Legisla\u00e7\u00e3o Europeia sobre o Regulamento Geral de Protec\u00e7\u00e3o de Dados (GDPR).","button_label":"Subscrever","form_url":"https:\/\/t23fec00f.emailsys2a.net\/68\/2063\/ad330eaf33\/subscribe\/form.html?_g=1609851730","confirmation_page":{"title":"Newsletter confirmed","url":"https:\/\/malaguti.bike\/newsletter-confirmed\/","target":""},"temp":""},"_links":{"self":[{"href":"https:\/\/malaguti.bike\/pt-pt\/wp-json\/wp\/v2\/pages\/8710"}],"collection":[{"href":"https:\/\/malaguti.bike\/pt-pt\/wp-json\/wp\/v2\/pages"}],"about":[{"href":"https:\/\/malaguti.bike\/pt-pt\/wp-json\/wp\/v2\/types\/page"}],"author":[{"embeddable":true,"href":"https:\/\/malaguti.bike\/pt-pt\/wp-json\/wp\/v2\/users\/4"}],"replies":[{"embeddable":true,"href":"https:\/\/malaguti.bike\/pt-pt\/wp-json\/wp\/v2\/comments?post=8710"}],"version-history":[{"count":1,"href":"https:\/\/malaguti.bike\/pt-pt\/wp-json\/wp\/v2\/pages\/8710\/revisions"}],"predecessor-version":[{"id":8755,"href":"https:\/\/malaguti.bike\/pt-pt\/wp-json\/wp\/v2\/pages\/8710\/revisions\/8755"}],"wp:attachment":[{"href":"https:\/\/malaguti.bike\/pt-pt\/wp-json\/wp\/v2\/media?parent=8710"}],"curies":[{"name":"wp","href":"https:\/\/api.w.org\/{rel}","templated":true}]}}