{"id":7930,"date":"2018-10-23T07:37:33","date_gmt":"2018-10-23T06:37:33","guid":{"rendered":"http:\/\/malaguti.bike\/contact\/"},"modified":"2021-02-03T15:38:01","modified_gmt":"2021-02-03T15:38:01","slug":"contact","status":"publish","type":"page","link":"https:\/\/malaguti.bike\/pl\/contact\/","title":{"rendered":"Contact"},"content":{"rendered":"","protected":false},"excerpt":{"rendered":"","protected":false},"author":3,"featured_media":0,"parent":0,"menu_order":0,"comment_status":"closed","ping_status":"closed","template":"template-contact.php","meta":{"inline_featured_image":false},"acf":{"distributors":[{"country":{"en":"Austria","email":""}},{"country":{"en":"Belgium","email":""}},{"country":{"en":"France","email":""}},{"country":{"en":"Germany","email":""}},{"country":{"en":"Italy","email":""}},{"country":{"en":"Switzerland","email":""}},{"country":{"en":"Spain","email":""}},{"country":{"en":"Other","email":""}}],"intro_copy":{"en":"<h3>Kontakt<\/h3>\n"},"details":[{"form_name":"general","contact_option_text":"Mam zapytanie og\u00f3lne","visible_fields":["firstNameField","lastNameField","emailField","messageField"],"country_list_or_email":"Email","to_email":"hello@malaguti.bike","optional_cc_email":""},{"form_name":"media","contact_option_text":"Chc\u0119 zosta\u0107 Dealerem Malaguti","visible_fields":["firstNameField","lastNameField","emailField","companyField","messageField"],"country_list_or_email":"Email","to_email":"hello@malaguti.bike","optional_cc_email":""},{"form_name":"general","contact_option_text":"Pracuj\u0119 w mediach \/ prasie i chcia\u0142bym napisa\u0107 recenzj\u0119 o Malaguti","visible_fields":["firstNameField","lastNameField","emailField","mediaField","messageField"],"country_list_or_email":"Email","to_email":"hello@malaguti.bike","optional_cc_email":""}],"contact_form_placeholders":{"country_select":{"en":"Wybierz kraj"},"first_name":{"en":"Imi\u0119"},"last_name":{"en":"Nazwisko"},"email":{"en":"Email"},"city":{"en":"City"},"company":{"en":"Firma"},"message":{"en":"Wiadomo\u015b\u0107"},"optin":{"en":"Wyra\u017cam zgod\u0119 na przechowywanie moich danych osobowych przez firm\u0119 Malaguti i kontaktowanie si\u0119 ze mn\u0105 w celu przekazywania nowo\u015bci i aktualizacji produkt\u00f3w i us\u0142ug Malaguti zgodnie z europejskim prawodawstwem dotycz\u0105cym RODO."},"send_button":{"en":"Send"}},"imprint":{"en":"<h4>IMPRINT<\/h4>\n<p>Company Name: KSR Group<br \/>\nGeneral Managers: Christian and Michael Kirschenhofer<br \/>\nCompany Register: FN33744z<br \/>\nResponsible Court: Landesgericht Krems<br \/>\nVAT-ID: ATU 18522105<br \/>\nBranding and Website Design: Kastner London<br \/>\nPrivacy Statement: More information here<\/p>\n<p>All information is provided without warranty. Errors and changes are reserved.<\/p>\n"},"meta_description":"Malaguti - The spirit of Bologna: Designed to open up the busiest streets, Malaguti\u2019s next generation is coming. It\u2019s a dynamic range of motorcycles with uncompromising style. ","meta_keywords":"Malaguti, Sport, Street, Supermoto, Enduro, Adventure, City, Motorcycles, Motorbike, Bike, Scooter, 125cc, 300cc, Dealersearch, Spirit of Bologna, motorcycle, Dune, Monte Pro, Monte, Madison, RST, XSM, XTM","confirmation_page":{"title":"Submitted","url":"http:\/\/malaguti.bike\/pl\/submitted\/","target":""}},"_links":{"self":[{"href":"https:\/\/malaguti.bike\/pl\/wp-json\/wp\/v2\/pages\/7930"}],"collection":[{"href":"https:\/\/malaguti.bike\/pl\/wp-json\/wp\/v2\/pages"}],"about":[{"href":"https:\/\/malaguti.bike\/pl\/wp-json\/wp\/v2\/types\/page"}],"author":[{"embeddable":true,"href":"https:\/\/malaguti.bike\/pl\/wp-json\/wp\/v2\/users\/3"}],"replies":[{"embeddable":true,"href":"https:\/\/malaguti.bike\/pl\/wp-json\/wp\/v2\/comments?post=7930"}],"version-history":[{"count":3,"href":"https:\/\/malaguti.bike\/pl\/wp-json\/wp\/v2\/pages\/7930\/revisions"}],"predecessor-version":[{"id":8262,"href":"https:\/\/malaguti.bike\/pl\/wp-json\/wp\/v2\/pages\/7930\/revisions\/8262"}],"wp:attachment":[{"href":"https:\/\/malaguti.bike\/pl\/wp-json\/wp\/v2\/media?parent=7930"}],"curies":[{"name":"wp","href":"https:\/\/api.w.org\/{rel}","templated":true}]}}