{"id":7917,"date":"2021-01-05T09:23:24","date_gmt":"2021-01-05T09:23:24","guid":{"rendered":"http:\/\/malaguti.bike\/newsletter\/"},"modified":"2021-01-28T14:04:57","modified_gmt":"2021-01-28T14:04:57","slug":"newsletter","status":"publish","type":"page","link":"https:\/\/malaguti.bike\/pl\/newsletter\/","title":{"rendered":"Newsletter"},"content":{"rendered":"","protected":false},"excerpt":{"rendered":"","protected":false},"author":4,"featured_media":0,"parent":0,"menu_order":0,"comment_status":"closed","ping_status":"closed","template":"news-letter-template.php","meta":{"inline_featured_image":false},"acf":{"intro_copy":"<h1>Zapisz si\u0119 do newslettera<\/h1>\n","first_name_label":"Imi\u0119","last_name_label":"Nazwisko","email_label":"Email","opt-in_copy":"Wyra\u017cam zgod\u0119 na przechowywanie moich danych osobowych przez firm\u0119 Malaguti i kontaktowanie si\u0119 ze mn\u0105 w celu przekazywania nowo\u015bci i aktualizacji produkt\u00f3w i us\u0142ug Malaguti zgodnie z europejskim prawodawstwem dotycz\u0105cym RODO.","button_label":"Subskrybuj","form_url":"https:\/\/t23fec00f.emailsys2a.net\/68\/2063\/ad330eaf33\/subscribe\/form.html?_g=1609851730","confirmation_page":{"title":"Newsletter confirmed","url":"https:\/\/malaguti.bike\/newsletter-confirmed\/","target":""},"temp":""},"_links":{"self":[{"href":"https:\/\/malaguti.bike\/pl\/wp-json\/wp\/v2\/pages\/7917"}],"collection":[{"href":"https:\/\/malaguti.bike\/pl\/wp-json\/wp\/v2\/pages"}],"about":[{"href":"https:\/\/malaguti.bike\/pl\/wp-json\/wp\/v2\/types\/page"}],"author":[{"embeddable":true,"href":"https:\/\/malaguti.bike\/pl\/wp-json\/wp\/v2\/users\/4"}],"replies":[{"embeddable":true,"href":"https:\/\/malaguti.bike\/pl\/wp-json\/wp\/v2\/comments?post=7917"}],"version-history":[{"count":1,"href":"https:\/\/malaguti.bike\/pl\/wp-json\/wp\/v2\/pages\/7917\/revisions"}],"predecessor-version":[{"id":8231,"href":"https:\/\/malaguti.bike\/pl\/wp-json\/wp\/v2\/pages\/7917\/revisions\/8231"}],"wp:attachment":[{"href":"https:\/\/malaguti.bike\/pl\/wp-json\/wp\/v2\/media?parent=7917"}],"curies":[{"name":"wp","href":"https:\/\/api.w.org\/{rel}","templated":true}]}}