{"id":4595,"date":"2020-06-26T10:56:46","date_gmt":"2020-06-26T09:56:46","guid":{"rendered":"http:\/\/malaguti.bike\/riser\/"},"modified":"2020-08-25T13:44:17","modified_gmt":"2020-08-25T12:44:17","slug":"riser","status":"publish","type":"page","link":"https:\/\/malaguti.bike\/fr\/riser\/","title":{"rendered":"90 ans Malaguti"},"content":{"rendered":"","protected":false},"excerpt":{"rendered":"","protected":false},"author":3,"featured_media":0,"parent":0,"menu_order":0,"comment_status":"closed","ping_status":"closed","template":"template-riser.php","meta":{"inline_featured_image":false},"acf":{"legal_message":"<p>* Offre promotionnelle valable uniquement du 15\/07 au 30\/09\/2020 jusqu&rsquo;\u00e0 sa r\u00e9vocation et uniquement valable pour les 750 premiers clients enregistr\u00e9s. La promotion ne peut \u00eatre \u00e9chang\u00e9e contre sa valeur en esp\u00e8ces, n&rsquo;est pas valable sans l&rsquo;achat d&rsquo;un v\u00e9hicule et ne peut \u00eatre combin\u00e9e \u00e0 d&rsquo;autres promotions. Vlable pour les achats de v\u00e9hicules effectu\u00e9s depuis le 01\/01\/2020.<\/p>\n<p>En cas de probl\u00e8me lors de l&rsquo;enregistrement, merci de contacter <a href=\"mailto:hello@malaguti.com\" target=\"_blank\" rel=\"noopener\">hello@malaguti.com<\/a>.<\/p>\n","header_image":"https:\/\/malaguti.bike\/wp-content\/uploads\/sites\/3\/2020\/07\/header_FR-1.jpg","intro_copy":{"en":"<h3>Malaguti f\u00eate ses 90 ans et c&rsquo;est toi qui re\u00e7ois un cadeau !<\/h3>\n<p><strong>Pour tout achat d&rsquo;une nouvelle Malaguti, b\u00e9n\u00e9ficie d&rsquo;un abonnement PRO gratuit \u00e0 l&rsquo;application RISER !<\/strong><\/p>\n<p>Qu&rsquo;est-ce que l&rsquo;appli RISER?<\/p>\n<p>Pour tous les passionn\u00e9s de moto du monde entier, RISER est le compagnon de voyage id\u00e9al avant, pendant et apr\u00e8s le trajet. En tant que membre de la communaut\u00e9 mondiale RISER, tu peux te mettre en r\u00e9seau avec d&rsquo;autres utilisateurs, d\u00e9couvrir l&rsquo;itin\u00e9raire id\u00e9al en fonction de ton style de conduite, enregistrer tes sorties et partager tes aventures avec la communaut\u00e9.<\/p>\n<p>Tu trouveras plus d&rsquo;informations sur l&rsquo;application RISER sur <a href=\"http:\/\/www.riserapp.com\" target=\"_blank\" rel=\"noopener\">www.riserapp.com<\/a>.<\/p>\n<p>Inscris-toi ici et t\u00e9l\u00e9charge la facture de ta nouvelle Malaguti ! Apr\u00e8s v\u00e9rification de tes donn\u00e9es, tu recevras par e-mail le lien pour l&rsquo;abonnement RISER Pro.<\/p>\n<p>L&rsquo;abonnement PRO se termine automatiquement apr\u00e8s 3 mois et est remplac\u00e9 par l&rsquo;abonnement BASIC. Il n&rsquo;y a donc aucun frais pour toi \u00e0 l&rsquo;expiration de l&rsquo;abonnement. Bien entendu, tu auras la possibilit\u00e9 si tu le souhaites de prolonger ton abonnement PRO (option payante).<\/p>\n"},"form_placeholders":{"first_name":{"en":"Pr\u00e9nom"},"last_name":{"en":"Nom"},"email":{"en":"E-mail"},"country":{"en":"Pays"},"upload1":{"en":"T\u00e9l\u00e9charger (max 15mb)"},"optin":{"en":"Par la pr\u00e9sente, je donne mon accord pour que Malaguti stocke mes donn\u00e9es personnelles, dans le cadre del'op\u00e9ration RISER, conform\u00e9ment \u00e0 la l\u00e9gislation europ\u00e9enne GDPR. "},"optin_newsletter":{"en":"J'accepte que Malaguti stocke mes donn\u00e9es personnelles et me contacte via sa newsletter pour m'informer des actualit\u00e9s et des mises \u00e0 jour sur les produits et les services de la marque, conform\u00e9ment \u00e0 la l\u00e9gislation europ\u00e9enne GDPR. "},"send_button":{"en":"Envoyer"}},"to_email":"hello@malaguti.bike","thank_you_message":"<h2>Merci!<\/h2>\n<p>Vos donn\u00e9es ont \u00e9t\u00e9 transmises avec succ\u00e8s !<\/p>\n","meta_description":"","meta_keywords":"","share_image":false},"_links":{"self":[{"href":"https:\/\/malaguti.bike\/fr\/wp-json\/wp\/v2\/pages\/4595"}],"collection":[{"href":"https:\/\/malaguti.bike\/fr\/wp-json\/wp\/v2\/pages"}],"about":[{"href":"https:\/\/malaguti.bike\/fr\/wp-json\/wp\/v2\/types\/page"}],"author":[{"embeddable":true,"href":"https:\/\/malaguti.bike\/fr\/wp-json\/wp\/v2\/users\/3"}],"replies":[{"embeddable":true,"href":"https:\/\/malaguti.bike\/fr\/wp-json\/wp\/v2\/comments?post=4595"}],"version-history":[{"count":7,"href":"https:\/\/malaguti.bike\/fr\/wp-json\/wp\/v2\/pages\/4595\/revisions"}],"predecessor-version":[{"id":6887,"href":"https:\/\/malaguti.bike\/fr\/wp-json\/wp\/v2\/pages\/4595\/revisions\/6887"}],"wp:attachment":[{"href":"https:\/\/malaguti.bike\/fr\/wp-json\/wp\/v2\/media?parent=4595"}],"curies":[{"name":"wp","href":"https:\/\/api.w.org\/{rel}","templated":true}]}}