{"id":1244,"date":"2018-10-22T17:08:30","date_gmt":"2018-10-22T16:08:30","guid":{"rendered":"http:\/\/malaguti.bike\/home-page\/"},"modified":"2023-03-21T08:53:29","modified_gmt":"2023-03-21T08:53:29","slug":"home-page","status":"publish","type":"page","link":"https:\/\/malaguti.bike\/fr\/","title":{"rendered":"Home Page"},"content":{"rendered":"","protected":false},"excerpt":{"rendered":"","protected":false},"author":3,"featured_media":0,"parent":0,"menu_order":0,"comment_status":"closed","ping_status":"closed","template":"","meta":{"inline_featured_image":false},"acf":{"legal_text":"*conform\u00e9ment au r\u00e8glement d\u00e9l\u00e9gu\u00e9 de la Commission (EU)  (EU) 134\/2014, Annex VII","share_image":"https:\/\/malaguti.bike\/wp-content\/uploads\/sites\/3\/2019\/03\/malaguti_main.jpg","meta_keywords":"Malaguti, Sport, Street, Supermoto, Enduro, Adventure, City, Motorcycles, Motorbike, Bike, Scooter, 125cc, 300cc, Dealersearch, Spirit of Bologna, motorcycle, ","meta_description":"Malaguti - L'Esprit de Bologne : con\u00e7ue pour circuler ais\u00e9ment dans les rues les plus fr\u00e9quent\u00e9es, la nouvelle g\u00e9n\u00e9ration de Malaguti est l\u00e0. Il s'agit d'une gamme dynamique de motos au style sans compromis. ","video":{"background":{"ID":3737,"id":3737,"title":"header-photo","filename":"header-photo-3.webp","filesize":379168,"url":"https:\/\/malaguti.bike\/wp-content\/uploads\/sites\/3\/2019\/10\/header-photo-3.webp","link":"https:\/\/malaguti.bike\/fr\/home-page\/header-photo-3\/","alt":"Malaguti Home Page","author":"4","description":"","caption":"","name":"header-photo-3","status":"inherit","uploaded_to":1244,"date":"2019-10-22 14:17:27","modified":"2022-11-10 12:49:23","menu_order":0,"mime_type":"image\/jpeg","type":"image","subtype":"jpeg","icon":"https:\/\/malaguti.bike\/wp-includes\/images\/media\/default.png","width":2000,"height":1133,"sizes":{"thumbnail":"https:\/\/malaguti.bike\/wp-content\/uploads\/sites\/3\/2019\/10\/header-photo-3.webp","thumbnail-width":150,"thumbnail-height":85,"medium":"https:\/\/malaguti.bike\/wp-content\/uploads\/sites\/3\/2019\/10\/header-photo-3.webp","medium-width":800,"medium-height":453,"medium_large":"https:\/\/malaguti.bike\/wp-content\/uploads\/sites\/3\/2019\/10\/header-photo-3.webp","medium_large-width":768,"medium_large-height":435,"large":"https:\/\/malaguti.bike\/wp-content\/uploads\/sites\/3\/2019\/10\/header-photo-3.webp","large-width":2000,"large-height":1133,"1536x1536":"https:\/\/malaguti.bike\/wp-content\/uploads\/sites\/3\/2019\/10\/header-photo-3.webp","1536x1536-width":1536,"1536x1536-height":870,"2048x2048":"https:\/\/malaguti.bike\/wp-content\/uploads\/sites\/3\/2019\/10\/header-photo-3.webp","2048x2048-width":2000,"2048x2048-height":1133}},"video":"<iframe src=\"https:\/\/player.vimeo.com\/video\/470560332?dnt=1&amp;app_id=122963\" width=\"640\" height=\"300\" frameborder=\"0\" allow=\"autoplay; fullscreen; picture-in-picture; clipboard-write; encrypted-media; web-share\"><\/iframe>","headling":"<p>L&rsquo;Esprit de<br \/>\n<strong>Bologne<\/strong><\/p>\n","sub_headline":"","button_label":"Voir la vid\u00e9o"},"instagram_feed_title":"<p>L&rsquo;Esprit de\u00a0 <strong>Bologne<\/strong><\/p>\n","juicer_id":"malaguti_bikes","slides":[{"desktop":{"image":{"ID":30509,"id":30509,"title":"Malaguti_Drakon_2022_Cover","filename":"Malaguti_Drakon_2022_Cover.webp","filesize":480132,"url":"https:\/\/malaguti.bike\/wp-content\/uploads\/sites\/3\/2023\/02\/Malaguti_Drakon_2022_Cover.webp","link":"https:\/\/malaguti.bike\/fr\/home-page\/malaguti_drakon_2022_cover-2\/","alt":"Malaguti Drakon Cover","author":"20","description":"","caption":"","name":"malaguti_drakon_2022_cover-2","status":"inherit","uploaded_to":1244,"date":"2023-02-28 13:06:23","modified":"2023-02-28 13:06:42","menu_order":0,"mime_type":"image\/webp","type":"image","subtype":"webp","icon":"https:\/\/malaguti.bike\/wp-includes\/images\/media\/default.png","width":1920,"height":1080,"sizes":{"thumbnail":"https:\/\/malaguti.bike\/wp-content\/uploads\/sites\/3\/2023\/02\/Malaguti_Drakon_2022_Cover-150x150.webp","thumbnail-width":150,"thumbnail-height":150,"medium":"https:\/\/malaguti.bike\/wp-content\/uploads\/sites\/3\/2023\/02\/Malaguti_Drakon_2022_Cover-800x450.webp","medium-width":800,"medium-height":450,"medium_large":"https:\/\/malaguti.bike\/wp-content\/uploads\/sites\/3\/2023\/02\/Malaguti_Drakon_2022_Cover-768x432.webp","medium_large-width":768,"medium_large-height":432,"large":"https:\/\/malaguti.bike\/wp-content\/uploads\/sites\/3\/2023\/02\/Malaguti_Drakon_2022_Cover-1800x1013.webp","large-width":1800,"large-height":1013,"1536x1536":"https:\/\/malaguti.bike\/wp-content\/uploads\/sites\/3\/2023\/02\/Malaguti_Drakon_2022_Cover-1536x864.webp","1536x1536-width":1536,"1536x1536-height":864,"2048x2048":"https:\/\/malaguti.bike\/wp-content\/uploads\/sites\/3\/2023\/02\/Malaguti_Drakon_2022_Cover.webp","2048x2048-width":1920,"2048x2048-height":1080}},"overlay_opacity":"40"},"mobile":{"overlay_opacity":"40","image_mobile":false},"link":{"title":"The DRAKON awakens","url":"https:\/\/malaguti.bike\/dealer\/motos-siles\/","target":""},"text":{"headline":"<p>Le r\u00e9veil de l&rsquo;incroyable Drakon !<\/p>\n","position":"center","model_type":"<p>URBAIN<\/p>\n","model_name":"<p><strong>DRAKON<\/strong>125<\/p>\n"}},{"desktop":{"image":{"ID":9833,"id":9833,"title":"dune x header wood short","filename":"dune-x-header-wood-short.jpg","filesize":986758,"url":"https:\/\/malaguti.bike\/wp-content\/uploads\/sites\/3\/2021\/08\/dune-x-header-wood-short.jpg","link":"https:\/\/malaguti.bike\/fr\/models\/dune125-x\/dune-x-header-wood-short-2\/","alt":"Malaguti Dune 125 X black Edition","author":"12","description":"","caption":"","name":"dune-x-header-wood-short-2","status":"inherit","uploaded_to":7411,"date":"2021-08-05 08:51:16","modified":"2022-11-10 10:18:08","menu_order":0,"mime_type":"image\/jpeg","type":"image","subtype":"jpeg","icon":"https:\/\/malaguti.bike\/wp-includes\/images\/media\/default.png","width":2493,"height":1556,"sizes":{"thumbnail":"https:\/\/malaguti.bike\/wp-content\/uploads\/sites\/3\/2021\/08\/dune-x-header-wood-short.jpg","thumbnail-width":150,"thumbnail-height":94,"medium":"https:\/\/malaguti.bike\/wp-content\/uploads\/sites\/3\/2021\/08\/dune-x-header-wood-short.jpg","medium-width":800,"medium-height":499,"medium_large":"https:\/\/malaguti.bike\/wp-content\/uploads\/sites\/3\/2021\/08\/dune-x-header-wood-short.jpg","medium_large-width":768,"medium_large-height":479,"large":"https:\/\/malaguti.bike\/wp-content\/uploads\/sites\/3\/2021\/08\/dune-x-header-wood-short.jpg","large-width":2493,"large-height":1556,"1536x1536":"https:\/\/malaguti.bike\/wp-content\/uploads\/sites\/3\/2021\/08\/dune-x-header-wood-short.jpg","1536x1536-width":1536,"1536x1536-height":959,"2048x2048":"https:\/\/malaguti.bike\/wp-content\/uploads\/sites\/3\/2021\/08\/dune-x-header-wood-short.jpg","2048x2048-width":2048,"2048x2048-height":1278}},"overlay_opacity":"40"},"mobile":{"overlay_opacity":"40","image_mobile":{"ID":10675,"id":10675,"title":"dune-x-header-wood-mobile","filename":"dune-x-header-wood-mobile.jpg","filesize":322230,"url":"https:\/\/malaguti.bike\/wp-content\/uploads\/sites\/3\/2021\/09\/dune-x-header-wood-mobile.jpg","link":"https:\/\/malaguti.bike\/fr\/home-page\/dune-x-header-wood-mobile-2\/","alt":"Malaguti Home Page","author":"4","description":"","caption":"","name":"dune-x-header-wood-mobile-2","status":"inherit","uploaded_to":1244,"date":"2021-09-16 06:53:29","modified":"2022-11-10 10:07:20","menu_order":0,"mime_type":"image\/jpeg","type":"image","subtype":"jpeg","icon":"https:\/\/malaguti.bike\/wp-includes\/images\/media\/default.png","width":976,"height":1538,"sizes":{"thumbnail":"https:\/\/malaguti.bike\/wp-content\/uploads\/sites\/3\/2021\/09\/dune-x-header-wood-mobile.jpg","thumbnail-width":95,"thumbnail-height":150,"medium":"https:\/\/malaguti.bike\/wp-content\/uploads\/sites\/3\/2021\/09\/dune-x-header-wood-mobile.jpg","medium-width":508,"medium-height":800,"medium_large":"https:\/\/malaguti.bike\/wp-content\/uploads\/sites\/3\/2021\/09\/dune-x-header-wood-mobile.jpg","medium_large-width":768,"medium_large-height":1210,"large":"https:\/\/malaguti.bike\/wp-content\/uploads\/sites\/3\/2021\/09\/dune-x-header-wood-mobile.jpg","large-width":976,"large-height":1538,"1536x1536":"https:\/\/malaguti.bike\/wp-content\/uploads\/sites\/3\/2021\/09\/dune-x-header-wood-mobile.jpg","1536x1536-width":975,"1536x1536-height":1536,"2048x2048":"https:\/\/malaguti.bike\/wp-content\/uploads\/sites\/3\/2021\/09\/dune-x-header-wood-mobile.jpg","2048x2048-width":976,"2048x2048-height":1538}}},"link":{"title":"Dune125 X Black Edition","url":"https:\/\/malaguti.bike\/fr\/models\/dune125-x\/","target":""},"text":{"headline":"<p>LE PLUS LONG DES TRAJETS<br \/>\n<strong>N&rsquo;EST JAMAIS ASSEZ LONG<\/strong><\/p>\n","position":"center","model_type":"<p>Adventure<\/p>\n","model_name":"<p><strong>DUNE<\/strong>125 X BLACK EDITION<\/p>\n"}},{"desktop":{"image":{"ID":30778,"id":30778,"title":"mission_125_action","filename":"mission_125_action.webp","filesize":346500,"url":"https:\/\/malaguti.bike\/wp-content\/uploads\/sites\/3\/2023\/03\/mission_125_action.webp","link":"https:\/\/malaguti.bike\/fr\/home-page\/mission_125_action-2\/","alt":"Malaguti Mission 125 Action","author":"20","description":"","caption":"","name":"mission_125_action-2","status":"inherit","uploaded_to":1244,"date":"2023-03-14 14:05:21","modified":"2023-03-14 14:05:43","menu_order":0,"mime_type":"image\/webp","type":"image","subtype":"webp","icon":"https:\/\/malaguti.bike\/wp-includes\/images\/media\/default.png","width":1920,"height":1080,"sizes":{"thumbnail":"https:\/\/malaguti.bike\/wp-content\/uploads\/sites\/3\/2023\/03\/mission_125_action-150x150.webp","thumbnail-width":150,"thumbnail-height":150,"medium":"https:\/\/malaguti.bike\/wp-content\/uploads\/sites\/3\/2023\/03\/mission_125_action-800x450.webp","medium-width":800,"medium-height":450,"medium_large":"https:\/\/malaguti.bike\/wp-content\/uploads\/sites\/3\/2023\/03\/mission_125_action-768x432.webp","medium_large-width":768,"medium_large-height":432,"large":"https:\/\/malaguti.bike\/wp-content\/uploads\/sites\/3\/2023\/03\/mission_125_action-1800x1013.webp","large-width":1800,"large-height":1013,"1536x1536":"https:\/\/malaguti.bike\/wp-content\/uploads\/sites\/3\/2023\/03\/mission_125_action-1536x864.webp","1536x1536-width":1536,"1536x1536-height":864,"2048x2048":"https:\/\/malaguti.bike\/wp-content\/uploads\/sites\/3\/2023\/03\/mission_125_action.webp","2048x2048-width":1920,"2048x2048-height":1080}},"overlay_opacity":"30"},"mobile":{"overlay_opacity":"25","image_mobile":{"ID":11113,"id":11113,"title":"Unbenannt-4-mobile","filename":"Unbenannt-4-mobile.jpg","filesize":319367,"url":"https:\/\/malaguti.bike\/wp-content\/uploads\/sites\/3\/2021\/09\/Unbenannt-4-mobile.jpg","link":"https:\/\/malaguti.bike\/fr\/home-page\/unbenannt-4-mobile-2\/","alt":"Malaguti Home Page","author":"4","description":"","caption":"","name":"unbenannt-4-mobile-2","status":"inherit","uploaded_to":1244,"date":"2021-09-21 06:07:10","modified":"2022-11-10 09:51:13","menu_order":0,"mime_type":"image\/jpeg","type":"image","subtype":"jpeg","icon":"https:\/\/malaguti.bike\/wp-includes\/images\/media\/default.png","width":1224,"height":1667,"sizes":{"thumbnail":"https:\/\/malaguti.bike\/wp-content\/uploads\/sites\/3\/2021\/09\/Unbenannt-4-mobile.jpg","thumbnail-width":110,"thumbnail-height":150,"medium":"https:\/\/malaguti.bike\/wp-content\/uploads\/sites\/3\/2021\/09\/Unbenannt-4-mobile.jpg","medium-width":587,"medium-height":800,"medium_large":"https:\/\/malaguti.bike\/wp-content\/uploads\/sites\/3\/2021\/09\/Unbenannt-4-mobile.jpg","medium_large-width":768,"medium_large-height":1046,"large":"https:\/\/malaguti.bike\/wp-content\/uploads\/sites\/3\/2021\/09\/Unbenannt-4-mobile.jpg","large-width":1224,"large-height":1667,"1536x1536":"https:\/\/malaguti.bike\/wp-content\/uploads\/sites\/3\/2021\/09\/Unbenannt-4-mobile.jpg","1536x1536-width":1128,"1536x1536-height":1536,"2048x2048":"https:\/\/malaguti.bike\/wp-content\/uploads\/sites\/3\/2021\/09\/Unbenannt-4-mobile.jpg","2048x2048-width":1224,"2048x2048-height":1667}}},"link":{"title":"Mission 125","url":"https:\/\/malaguti.bike\/fr\/models\/mission-125\/","target":""},"text":{"headline":"<p><b>MISSION<br \/>\n<\/b>IMPOSSIBLE<\/p>\n","position":"center","model_type":"<p><strong>Urbain<\/strong><\/p>\n","model_name":"<p><strong>Mission<\/strong>125<\/p>\n"}}]},"_links":{"self":[{"href":"https:\/\/malaguti.bike\/fr\/wp-json\/wp\/v2\/pages\/1244"}],"collection":[{"href":"https:\/\/malaguti.bike\/fr\/wp-json\/wp\/v2\/pages"}],"about":[{"href":"https:\/\/malaguti.bike\/fr\/wp-json\/wp\/v2\/types\/page"}],"author":[{"embeddable":true,"href":"https:\/\/malaguti.bike\/fr\/wp-json\/wp\/v2\/users\/3"}],"replies":[{"embeddable":true,"href":"https:\/\/malaguti.bike\/fr\/wp-json\/wp\/v2\/comments?post=1244"}],"version-history":[{"count":42,"href":"https:\/\/malaguti.bike\/fr\/wp-json\/wp\/v2\/pages\/1244\/revisions"}],"predecessor-version":[{"id":31281,"href":"https:\/\/malaguti.bike\/fr\/wp-json\/wp\/v2\/pages\/1244\/revisions\/31281"}],"wp:attachment":[{"href":"https:\/\/malaguti.bike\/fr\/wp-json\/wp\/v2\/media?parent=1244"}],"curies":[{"name":"wp","href":"https:\/\/api.w.org\/{rel}","templated":true}]}}