{"id":4533,"date":"2020-06-26T10:56:46","date_gmt":"2020-06-26T09:56:46","guid":{"rendered":"http:\/\/malaguti.bike\/riser\/"},"modified":"2020-08-25T13:47:10","modified_gmt":"2020-08-25T12:47:10","slug":"riser","status":"publish","type":"page","link":"https:\/\/malaguti.bike\/es\/riser\/","title":{"rendered":"90\u00ba A\u00f1os Malaguti"},"content":{"rendered":"","protected":false},"excerpt":{"rendered":"","protected":false},"author":3,"featured_media":0,"parent":0,"menu_order":0,"comment_status":"closed","ping_status":"closed","template":"template-riser.php","meta":{"inline_featured_image":false},"acf":{"legal_message":"<p>* La promoci\u00f3n s\u00f3lo es v\u00e1lida del 15.07. al 30.09.2020 hasta su revocaci\u00f3n y s\u00f3lo es v\u00e1lida para los primeros 750 clientes registrados. La promoci\u00f3n no puede ser canjeada en efectivo sin la compra de un veh\u00edculo o combinada con otras promociones. S\u00f3lo es v\u00e1lida para compras de veh\u00edculos realizadas desde el 01.01.2020.<\/p>\n<p>Si tiene problemas con el registro, por favor contacte con <a href=\"mailto:hello@malaguti.com\" target=\"_blank\" rel=\"noopener\">hello@malaguti.com<\/a>.<\/p>\n","header_image":"https:\/\/malaguti.bike\/wp-content\/uploads\/sites\/3\/2020\/07\/header_ES.jpg","intro_copy":{"en":"<h3>\u00a1Malaguti celebra su 90 aniversario y t\u00fa recibes un regalo!<\/h3>\n<p><strong>\u00a1Compra una nueva Malaguti y consigue tu suscripci\u00f3n gratuita PRO para la RISER APP!<\/strong><\/p>\n<p>\u00bfQu\u00e9 es la aplicaci\u00f3n RISER?<\/p>\n<p>Para los entusiastas de la motocicleta de todo el mundo, RISER es el compa\u00f1ero de viaje ideal antes, durante y despu\u00e9s del viaje. Como parte de la comunidad global de RISER, podr\u00e1s relacionarte con otros pilotos, descubrir las rutas perfectas para tu estilo de conducci\u00f3n, grabar tus viajes y compartir tus aventuras con la comunidad.<\/p>\n<p>Puede encontrar m\u00e1s informaci\u00f3n sobre la aplicaci\u00f3n RISER en <a href=\"http:\/\/www.riserapp.com\" target=\"_blank\" rel=\"noopener\">www.riserapp.com<\/a>.<\/p>\n<p>\u00a1Reg\u00edstrate aqu\u00ed y sube la factura de tu nueva Malaguti! Despu\u00e9s de comprobar sus datos, recibir\u00e1 el enlace para la suscripci\u00f3n a RISER Pro enviada a su direcci\u00f3n de correo electr\u00f3nico.<\/p>\n<p>La suscripci\u00f3n PRO termina autom\u00e1ticamente despu\u00e9s de 3 meses y se cambia a la suscripci\u00f3n B\u00c1SICA, con lo cual no hay costes para ti despu\u00e9s de que la suscripci\u00f3n expire. Por supuesto, tambi\u00e9n puedes extender tu suscripci\u00f3n con costes.<\/p>\n"},"form_placeholders":{"first_name":{"en":"Nombre"},"last_name":{"en":"Apellido"},"email":{"en":"E-Mail"},"country":{"en":"Pa\u00eds"},"upload1":{"en":"Subir (max 15mb)"},"optin":{"en":"Doy mi consentimiento para que Malaguti almacene mis datos personales, en el curso de la promoci\u00f3n de RISER, de acuerdo con la legislaci\u00f3n europea GDPR. "},"optin_newsletter":{"en":"Por la presente, acepto que Malaguti almacene mis datos personales y que se ponga en contacto conmigo para recibir noticias y actualizaciones sobre los productos y servicios de Malaguti a trav\u00e9s de un bolet\u00edn informativo, de acuerdo con la legislaci\u00f3n europea sobre el PIB."},"send_button":{"en":"Enviar"}},"to_email":"hello@malaguti.bike","thank_you_message":"<h2>\u00a1Gracias!<\/h2>\n<p>Sus datos fueron submitidos correctamente.<\/p>\n","meta_description":"","meta_keywords":"","share_image":false},"_links":{"self":[{"href":"https:\/\/malaguti.bike\/es\/wp-json\/wp\/v2\/pages\/4533"}],"collection":[{"href":"https:\/\/malaguti.bike\/es\/wp-json\/wp\/v2\/pages"}],"about":[{"href":"https:\/\/malaguti.bike\/es\/wp-json\/wp\/v2\/types\/page"}],"author":[{"embeddable":true,"href":"https:\/\/malaguti.bike\/es\/wp-json\/wp\/v2\/users\/3"}],"replies":[{"embeddable":true,"href":"https:\/\/malaguti.bike\/es\/wp-json\/wp\/v2\/comments?post=4533"}],"version-history":[{"count":10,"href":"https:\/\/malaguti.bike\/es\/wp-json\/wp\/v2\/pages\/4533\/revisions"}],"predecessor-version":[{"id":6893,"href":"https:\/\/malaguti.bike\/es\/wp-json\/wp\/v2\/pages\/4533\/revisions\/6893"}],"wp:attachment":[{"href":"https:\/\/malaguti.bike\/es\/wp-json\/wp\/v2\/media?parent=4533"}],"curies":[{"name":"wp","href":"https:\/\/api.w.org\/{rel}","templated":true}]}}