{"id":3195,"date":"2019-07-19T16:52:19","date_gmt":"2019-07-19T15:52:19","guid":{"rendered":"http:\/\/malaguti.bike\/news\/"},"modified":"2019-10-25T14:46:17","modified_gmt":"2019-10-25T13:46:17","slug":"news","status":"publish","type":"page","link":"https:\/\/malaguti.bike\/es\/news\/","title":{"rendered":"Noticias"},"content":{"rendered":"","protected":false},"excerpt":{"rendered":"","protected":false},"author":3,"featured_media":0,"parent":0,"menu_order":0,"comment_status":"closed","ping_status":"closed","template":"template-news.php","meta":{"inline_featured_image":false},"acf":{"slides":false,"bottom_text":"","legal_text":"","video":{"background":false,"video":"","headling":"","sub_headline":"","button_label":""},"meta_description":"","meta_keywords":"","share_image":false,"read_more_button_label":"LEER M\u00c1S","latest_news_label":"\u00daltimas Noticias","news_name":"NOTICIAS","share_label":"Comparte este art\u00edculo","header_image":{"ID":2208,"id":2208,"title":"News Header","filename":"News-Header.jpg","filesize":89445,"url":"https:\/\/malaguti.bike\/wp-content\/uploads\/sites\/3\/2019\/07\/News-Header.jpg","link":"https:\/\/malaguti.bike\/es\/news\/news-header-2\/","alt":"","author":"3","description":"","caption":"","name":"news-header-2","status":"inherit","uploaded_to":3195,"date":"2019-07-23 10:31:40","modified":"2019-07-23 10:31:40","menu_order":0,"mime_type":"image\/jpeg","type":"image","subtype":"jpeg","icon":"https:\/\/malaguti.bike\/wp-includes\/images\/media\/default.png","width":0,"height":0,"sizes":{"thumbnail":"https:\/\/malaguti.bike\/wp-content\/uploads\/sites\/3\/2019\/07\/News-Header.jpg","thumbnail-width":1,"thumbnail-height":1,"medium":"https:\/\/malaguti.bike\/wp-content\/uploads\/sites\/3\/2019\/07\/News-Header.jpg","medium-width":1,"medium-height":1,"medium_large":"https:\/\/malaguti.bike\/wp-content\/uploads\/sites\/3\/2019\/07\/News-Header.jpg","medium_large-width":1,"medium_large-height":1,"large":"https:\/\/malaguti.bike\/wp-content\/uploads\/sites\/3\/2019\/07\/News-Header.jpg","large-width":1,"large-height":1,"1536x1536":"https:\/\/malaguti.bike\/wp-content\/uploads\/sites\/3\/2019\/07\/News-Header.jpg","1536x1536-width":1,"1536x1536-height":1,"2048x2048":"https:\/\/malaguti.bike\/wp-content\/uploads\/sites\/3\/2019\/07\/News-Header.jpg","2048x2048-width":1,"2048x2048-height":1}},"bike_list_header":"Descubra la nueva generaci\u00f3n de Malaguti."},"_links":{"self":[{"href":"https:\/\/malaguti.bike\/es\/wp-json\/wp\/v2\/pages\/3195"}],"collection":[{"href":"https:\/\/malaguti.bike\/es\/wp-json\/wp\/v2\/pages"}],"about":[{"href":"https:\/\/malaguti.bike\/es\/wp-json\/wp\/v2\/types\/page"}],"author":[{"embeddable":true,"href":"https:\/\/malaguti.bike\/es\/wp-json\/wp\/v2\/users\/3"}],"replies":[{"embeddable":true,"href":"https:\/\/malaguti.bike\/es\/wp-json\/wp\/v2\/comments?post=3195"}],"version-history":[{"count":5,"href":"https:\/\/malaguti.bike\/es\/wp-json\/wp\/v2\/pages\/3195\/revisions"}],"predecessor-version":[{"id":3793,"href":"https:\/\/malaguti.bike\/es\/wp-json\/wp\/v2\/pages\/3195\/revisions\/3793"}],"wp:attachment":[{"href":"https:\/\/malaguti.bike\/es\/wp-json\/wp\/v2\/media?parent=3195"}],"curies":[{"name":"wp","href":"https:\/\/api.w.org\/{rel}","templated":true}]}}