{"id":28833,"date":"2022-11-04T11:00:16","date_gmt":"2022-11-04T11:00:16","guid":{"rendered":"https:\/\/malaguti.bike\/imprint\/"},"modified":"2022-11-30T09:38:21","modified_gmt":"2022-11-30T09:38:21","slug":"imprint","status":"publish","type":"page","link":"https:\/\/malaguti.bike\/es\/imprint\/","title":{"rendered":"Imprint"},"content":{"rendered":"","protected":false},"excerpt":{"rendered":"","protected":false},"author":20,"featured_media":0,"parent":0,"menu_order":0,"comment_status":"closed","ping_status":"closed","template":"template-content-page.php","meta":{"inline_featured_image":false},"acf":{"content":[{"acf_fc_layout":"text_area","text":"<p>NOMBRE DE LA EMPRESA: Grupo KSR<\/p>\n<p>DIRECTORES GENERALES: Christian y Michael Kirschenhofer<\/p>\n<p>REGISTRO DE EMPRESA: FN33744z<\/p>\n<p>TRIBUNAL RESPONSABLE: Landesgericht Krems<\/p>\n<p>N\u00daMERO DE IDENTIFICACI\u00d3N FISCAL: ATU 18522105<\/p>\n<p>MARCA Y DISE\u00d1O DE LA P\u00c1GINA WEB: Kastner &amp; Partners London<\/p>\n<p>POL\u00cdTICA DE PRIVACIDAD: <a href=\"https:\/\/malaguti.bike\/es\/politica-de-privacidad\/\">M\u00e1s informaci\u00f3n aqu\u00ed<\/a><\/p>\n<p>Toda la informaci\u00f3n se proporciona sin garant\u00eda. Se reservan los errores y los cambios.<\/p>\n<p>&nbsp;<\/p>\n<p>Informaci\u00f3n legal:<\/p>\n<p>Todos los contenidos de esta p\u00e1gina web est\u00e1n protegidos por derechos de autor. KSR Group GmbH permite expresamente la utilizaci\u00f3n de todos los datos para uso privado y no comercial. En caso de duplicaci\u00f3n, deben se\u00f1alarse expresamente los derechos de autor y de propiedad de KSR Group GmbH. El contenido no puede ser modificado de ninguna manera y no puede ser utilizado en otros sitios web u ordenadores en red sin autorizaci\u00f3n escrita. Cualquier uso con fines p\u00fablicos o comerciales requiere el consentimiento de KSR Group GmbH. La violaci\u00f3n de estas condiciones obliga a la destrucci\u00f3n inmediata de todos los contenidos impresos o descargados. Nos reservamos el derecho de hacer valer otras reclamaciones por da\u00f1os y perjuicios. KSR Group GmbH se reserva el derecho a modificar los datos t\u00e9cnicos, las caracter\u00edsticas de equipamiento y los colores de los veh\u00edculos descritos en esta p\u00e1gina web en cualquier momento y sin previo aviso. Los veh\u00edculos mostrados en esta p\u00e1gina web son \u00fanicamente ilustrativos y no representan ninguna caracter\u00edstica garantizada. Se excluye la responsabilidad por posibles errores de visualizaci\u00f3n o errores ortogr\u00e1ficos.<\/p>\n","cta_button_label":"","cta_link":null}],"meta_description":"Malaguti Bikes, Imprint, Impressum, The spirit of Bologna","meta_keywords":"Malaguti Bikes, Imprint, Impressum, The spirit of Bologna"},"_links":{"self":[{"href":"https:\/\/malaguti.bike\/es\/wp-json\/wp\/v2\/pages\/28833"}],"collection":[{"href":"https:\/\/malaguti.bike\/es\/wp-json\/wp\/v2\/pages"}],"about":[{"href":"https:\/\/malaguti.bike\/es\/wp-json\/wp\/v2\/types\/page"}],"author":[{"embeddable":true,"href":"https:\/\/malaguti.bike\/es\/wp-json\/wp\/v2\/users\/20"}],"replies":[{"embeddable":true,"href":"https:\/\/malaguti.bike\/es\/wp-json\/wp\/v2\/comments?post=28833"}],"version-history":[{"count":3,"href":"https:\/\/malaguti.bike\/es\/wp-json\/wp\/v2\/pages\/28833\/revisions"}],"predecessor-version":[{"id":29734,"href":"https:\/\/malaguti.bike\/es\/wp-json\/wp\/v2\/pages\/28833\/revisions\/29734"}],"wp:attachment":[{"href":"https:\/\/malaguti.bike\/es\/wp-json\/wp\/v2\/media?parent=28833"}],"curies":[{"name":"wp","href":"https:\/\/api.w.org\/{rel}","templated":true}]}}