{"id":1240,"date":"2018-10-22T17:08:30","date_gmt":"2018-10-22T16:08:30","guid":{"rendered":"http:\/\/malaguti.bike\/home-page\/"},"modified":"2023-05-23T08:49:05","modified_gmt":"2023-05-23T07:49:05","slug":"home-page","status":"publish","type":"page","link":"https:\/\/malaguti.bike\/es\/home-page\/","title":{"rendered":"Home Page"},"content":{"rendered":"","protected":false},"excerpt":{"rendered":"","protected":false},"author":3,"featured_media":0,"parent":0,"menu_order":0,"comment_status":"closed","ping_status":"closed","template":"","meta":{"inline_featured_image":false},"acf":{"legal_text":"*seg\u00fan el Reglamento (UE) 134\/2014 delegado por la Comisi\u00f3n, anexo VII","share_image":"https:\/\/malaguti.bike\/wp-content\/uploads\/sites\/3\/2023\/02\/Key-Visual-Malaguti-Range_2023.webp","meta_keywords":"Malaguti, Sport, Street, Supermoto, Enduro, Adventure, City, Motorcycles, Motorbike, Bike, Scooter, 125cc, 300cc, Dealersearch, Spirit of Bologna, motorcycle, ","meta_description":"Malaguti - El esp\u00edritu de Bologna: Dise\u00f1ada para abrir las calles m\u00e1s transitadas, la pr\u00f3xima generaci\u00f3n de Malaguti est\u00e1 llegando. Una gama din\u00e1mica de motocicletas con un estilo \u00fanico.","video":{"background":{"ID":3740,"id":3740,"title":"header-photo","filename":"header-photo-3.webp","filesize":379168,"url":"https:\/\/malaguti.bike\/wp-content\/uploads\/sites\/3\/2019\/10\/header-photo-3.webp","link":"https:\/\/malaguti.bike\/es\/home-page\/header-photo-3\/","alt":"Malaguti Home Page","author":"4","description":"","caption":"","name":"header-photo-3","status":"inherit","uploaded_to":1240,"date":"2019-10-22 14:17:27","modified":"2022-11-10 12:49:23","menu_order":0,"mime_type":"image\/jpeg","type":"image","subtype":"jpeg","icon":"https:\/\/malaguti.bike\/wp-includes\/images\/media\/default.png","width":2000,"height":1133,"sizes":{"thumbnail":"https:\/\/malaguti.bike\/wp-content\/uploads\/sites\/3\/2019\/10\/header-photo-3.webp","thumbnail-width":150,"thumbnail-height":85,"medium":"https:\/\/malaguti.bike\/wp-content\/uploads\/sites\/3\/2019\/10\/header-photo-3.webp","medium-width":800,"medium-height":453,"medium_large":"https:\/\/malaguti.bike\/wp-content\/uploads\/sites\/3\/2019\/10\/header-photo-3.webp","medium_large-width":768,"medium_large-height":435,"large":"https:\/\/malaguti.bike\/wp-content\/uploads\/sites\/3\/2019\/10\/header-photo-3.webp","large-width":2000,"large-height":1133,"1536x1536":"https:\/\/malaguti.bike\/wp-content\/uploads\/sites\/3\/2019\/10\/header-photo-3.webp","1536x1536-width":1536,"1536x1536-height":870,"2048x2048":"https:\/\/malaguti.bike\/wp-content\/uploads\/sites\/3\/2019\/10\/header-photo-3.webp","2048x2048-width":2000,"2048x2048-height":1133}},"video":"<iframe src=\"https:\/\/player.vimeo.com\/video\/470560332?dnt=1&amp;app_id=122963\" width=\"640\" height=\"300\" frameborder=\"0\" allow=\"autoplay; fullscreen; picture-in-picture; clipboard-write; encrypted-media; web-share\" referrerpolicy=\"strict-origin-when-cross-origin\"><\/iframe>","headling":"<p>The Spirit of<br \/>\n<strong>Bologna<\/strong><\/p>\n","sub_headline":"","button_label":"Play Film"},"instagram_feed_title":"<p>The Spirit of <strong>Bologna<\/strong><\/p>\n","juicer_id":"malaguti_bikes","slides":[{"desktop":{"image":{"ID":25912,"id":25912,"title":"Madison150-banner-final-1","filename":"Madison150-banner-final-1.jpg","filesize":365830,"url":"https:\/\/malaguti.bike\/wp-content\/uploads\/sites\/3\/2022\/06\/Madison150-banner-final-1.jpg","link":"https:\/\/malaguti.bike\/es\/home-page\/madison150-banner-final-1-2\/","alt":"Malaguti Madison","author":"18","description":"","caption":"","name":"madison150-banner-final-1-2","status":"inherit","uploaded_to":1240,"date":"2022-06-14 09:14:57","modified":"2022-07-25 13:41:01","menu_order":0,"mime_type":"image\/jpeg","type":"image","subtype":"jpeg","icon":"https:\/\/malaguti.bike\/wp-includes\/images\/media\/default.png","width":1900,"height":1091,"sizes":{"thumbnail":"https:\/\/malaguti.bike\/wp-content\/uploads\/sites\/3\/2022\/06\/Madison150-banner-final-1.jpg","thumbnail-width":150,"thumbnail-height":86,"medium":"https:\/\/malaguti.bike\/wp-content\/uploads\/sites\/3\/2022\/06\/Madison150-banner-final-1.jpg","medium-width":800,"medium-height":459,"medium_large":"https:\/\/malaguti.bike\/wp-content\/uploads\/sites\/3\/2022\/06\/Madison150-banner-final-1.jpg","medium_large-width":768,"medium_large-height":441,"large":"https:\/\/malaguti.bike\/wp-content\/uploads\/sites\/3\/2022\/06\/Madison150-banner-final-1.jpg","large-width":1900,"large-height":1091,"1536x1536":"https:\/\/malaguti.bike\/wp-content\/uploads\/sites\/3\/2022\/06\/Madison150-banner-final-1.jpg","1536x1536-width":1536,"1536x1536-height":882,"2048x2048":"https:\/\/malaguti.bike\/wp-content\/uploads\/sites\/3\/2022\/06\/Madison150-banner-final-1.jpg","2048x2048-width":1900,"2048x2048-height":1091}},"overlay_opacity":"25"},"mobile":{"overlay_opacity":"40","image_mobile":{"ID":25929,"id":25929,"title":"Madison150-banner-mobile-final-1","filename":"Madison150-banner-mobile-final-1.jpg","filesize":275210,"url":"https:\/\/malaguti.bike\/wp-content\/uploads\/sites\/3\/2022\/06\/Madison150-banner-mobile-final-1.jpg","link":"https:\/\/malaguti.bike\/es\/home-page\/madison150-banner-mobile-final-1-2\/","alt":"Madison street","author":"18","description":"","caption":"","name":"madison150-banner-mobile-final-1-2","status":"inherit","uploaded_to":1240,"date":"2022-06-14 09:15:12","modified":"2022-12-15 14:05:14","menu_order":0,"mime_type":"image\/webp","type":"image","subtype":"webp","icon":"https:\/\/malaguti.bike\/wp-includes\/images\/media\/default.png","width":1140,"height":1605,"sizes":{"thumbnail":"https:\/\/malaguti.bike\/wp-content\/uploads\/sites\/3\/2022\/06\/Madison150-banner-mobile-final-1.jpg","thumbnail-width":107,"thumbnail-height":150,"medium":"https:\/\/malaguti.bike\/wp-content\/uploads\/sites\/3\/2022\/06\/Madison150-banner-mobile-final-1.jpg","medium-width":568,"medium-height":800,"medium_large":"https:\/\/malaguti.bike\/wp-content\/uploads\/sites\/3\/2022\/06\/Madison150-banner-mobile-final-1.jpg","medium_large-width":768,"medium_large-height":1081,"large":"https:\/\/malaguti.bike\/wp-content\/uploads\/sites\/3\/2022\/06\/Madison150-banner-mobile-final-1.jpg","large-width":1140,"large-height":1605,"1536x1536":"https:\/\/malaguti.bike\/wp-content\/uploads\/sites\/3\/2022\/06\/Madison150-banner-mobile-final-1.jpg","1536x1536-width":1091,"1536x1536-height":1536,"2048x2048":"https:\/\/malaguti.bike\/wp-content\/uploads\/sites\/3\/2022\/06\/Madison150-banner-mobile-final-1.jpg","2048x2048-width":1140,"2048x2048-height":1605}}},"link":{"title":"Madison 125","url":"https:\/\/malaguti.bike\/es\/models\/madison125\/?utm_source=malaguti_es&amp;utm_medium=link_homepage_header&amp;utm_campaign=malaguti_madison_125","target":""},"text":{"headline":"<p><strong>Fuerte en apariencia<\/strong><\/p>\n<p>\u00c1gil entre la multitud<\/p>\n","position":"center","model_type":"<p><strong>City<\/strong><\/p>\n","model_name":"<p><strong>Madison<\/strong>125<\/p>\n"}},{"desktop":{"image":{"ID":30517,"id":30517,"title":"Malaguti_Drakon_2022_Cover","filename":"Malaguti_Drakon_2022_Cover.webp","filesize":480132,"url":"https:\/\/malaguti.bike\/wp-content\/uploads\/sites\/3\/2023\/02\/Malaguti_Drakon_2022_Cover.webp","link":"https:\/\/malaguti.bike\/es\/home-page\/malaguti_drakon_2022_cover-2\/","alt":"Malaguti Drakon Cover","author":"20","description":"","caption":"","name":"malaguti_drakon_2022_cover-2","status":"inherit","uploaded_to":1240,"date":"2023-02-28 13:06:23","modified":"2023-02-28 13:06:42","menu_order":0,"mime_type":"image\/webp","type":"image","subtype":"webp","icon":"https:\/\/malaguti.bike\/wp-includes\/images\/media\/default.png","width":1920,"height":1080,"sizes":{"thumbnail":"https:\/\/malaguti.bike\/wp-content\/uploads\/sites\/3\/2023\/02\/Malaguti_Drakon_2022_Cover-150x150.webp","thumbnail-width":150,"thumbnail-height":150,"medium":"https:\/\/malaguti.bike\/wp-content\/uploads\/sites\/3\/2023\/02\/Malaguti_Drakon_2022_Cover-800x450.webp","medium-width":800,"medium-height":450,"medium_large":"https:\/\/malaguti.bike\/wp-content\/uploads\/sites\/3\/2023\/02\/Malaguti_Drakon_2022_Cover-768x432.webp","medium_large-width":768,"medium_large-height":432,"large":"https:\/\/malaguti.bike\/wp-content\/uploads\/sites\/3\/2023\/02\/Malaguti_Drakon_2022_Cover-1800x1013.webp","large-width":1800,"large-height":1013,"1536x1536":"https:\/\/malaguti.bike\/wp-content\/uploads\/sites\/3\/2023\/02\/Malaguti_Drakon_2022_Cover-1536x864.webp","1536x1536-width":1536,"1536x1536-height":864,"2048x2048":"https:\/\/malaguti.bike\/wp-content\/uploads\/sites\/3\/2023\/02\/Malaguti_Drakon_2022_Cover.webp","2048x2048-width":1920,"2048x2048-height":1080}},"overlay_opacity":"25"},"mobile":{"overlay_opacity":"40","image_mobile":{"ID":30109,"id":30109,"title":"Malaguti_Drakon125_Lifestyle_mobil","filename":"Malaguti_Drakon125_Lifestyle_mobil.webp","filesize":102438,"url":"https:\/\/malaguti.bike\/wp-content\/uploads\/sites\/3\/2023\/01\/Malaguti_Drakon125_Lifestyle_mobil.webp","link":"https:\/\/malaguti.bike\/es\/home-page\/malaguti_drakon125_lifestyle_mobil-2\/","alt":"Malaguti Drakon mobil","author":"20","description":"","caption":"","name":"malaguti_drakon125_lifestyle_mobil-2","status":"inherit","uploaded_to":1240,"date":"2023-01-24 15:44:16","modified":"2023-01-24 15:44:29","menu_order":0,"mime_type":"image\/webp","type":"image","subtype":"webp","icon":"https:\/\/malaguti.bike\/wp-includes\/images\/media\/default.png","width":800,"height":600,"sizes":{"thumbnail":"https:\/\/malaguti.bike\/wp-content\/uploads\/sites\/3\/2023\/01\/Malaguti_Drakon125_Lifestyle_mobil-150x150.webp","thumbnail-width":150,"thumbnail-height":150,"medium":"https:\/\/malaguti.bike\/wp-content\/uploads\/sites\/3\/2023\/01\/Malaguti_Drakon125_Lifestyle_mobil.webp","medium-width":800,"medium-height":600,"medium_large":"https:\/\/malaguti.bike\/wp-content\/uploads\/sites\/3\/2023\/01\/Malaguti_Drakon125_Lifestyle_mobil-768x576.webp","medium_large-width":768,"medium_large-height":576,"large":"https:\/\/malaguti.bike\/wp-content\/uploads\/sites\/3\/2023\/01\/Malaguti_Drakon125_Lifestyle_mobil.webp","large-width":800,"large-height":600,"1536x1536":"https:\/\/malaguti.bike\/wp-content\/uploads\/sites\/3\/2023\/01\/Malaguti_Drakon125_Lifestyle_mobil.webp","1536x1536-width":800,"1536x1536-height":600,"2048x2048":"https:\/\/malaguti.bike\/wp-content\/uploads\/sites\/3\/2023\/01\/Malaguti_Drakon125_Lifestyle_mobil.webp","2048x2048-width":800,"2048x2048-height":600}}},"link":{"title":"Drakon 125","url":"https:\/\/malaguti.bike\/es\/models\/drakon-125\/?utm_source=malaguti_es&amp;utm_medium=link_homepage_header&amp;utm_campaign=malaguti_drakon_125","target":""},"text":{"headline":"<p><strong>DEJA PASO A <\/strong><\/p>\n<p>LA DRAKON<\/p>\n","position":"center","model_type":"<p><strong>Street<\/strong><\/p>\n","model_name":"<p><strong>Drakon<\/strong>125<\/p>\n"}}],"curated_list":"automatic","image_or_video":"use_slides"},"_links":{"self":[{"href":"https:\/\/malaguti.bike\/es\/wp-json\/wp\/v2\/pages\/1240"}],"collection":[{"href":"https:\/\/malaguti.bike\/es\/wp-json\/wp\/v2\/pages"}],"about":[{"href":"https:\/\/malaguti.bike\/es\/wp-json\/wp\/v2\/types\/page"}],"author":[{"embeddable":true,"href":"https:\/\/malaguti.bike\/es\/wp-json\/wp\/v2\/users\/3"}],"replies":[{"embeddable":true,"href":"https:\/\/malaguti.bike\/es\/wp-json\/wp\/v2\/comments?post=1240"}],"version-history":[{"count":52,"href":"https:\/\/malaguti.bike\/es\/wp-json\/wp\/v2\/pages\/1240\/revisions"}],"predecessor-version":[{"id":31992,"href":"https:\/\/malaguti.bike\/es\/wp-json\/wp\/v2\/pages\/1240\/revisions\/31992"}],"wp:attachment":[{"href":"https:\/\/malaguti.bike\/es\/wp-json\/wp\/v2\/media?parent=1240"}],"curies":[{"name":"wp","href":"https:\/\/api.w.org\/{rel}","templated":true}]}}