{"id":1234,"date":"2018-10-23T07:37:33","date_gmt":"2018-10-23T06:37:33","guid":{"rendered":"http:\/\/malaguti.bike\/contact\/"},"modified":"2022-12-13T12:38:41","modified_gmt":"2022-12-13T12:38:41","slug":"contact","status":"publish","type":"page","link":"https:\/\/malaguti.bike\/es\/contact\/","title":{"rendered":"Contacto"},"content":{"rendered":"","protected":false},"excerpt":{"rendered":"","protected":false},"author":3,"featured_media":0,"parent":0,"menu_order":0,"comment_status":"closed","ping_status":"closed","template":"template-contact.php","meta":{"inline_featured_image":false},"acf":{"confirmation_page":"","distributors":[{"country":{"en":"Austria","email":""}},{"country":{"en":"Belgium","email":"customersupport@malaguti.bike"}},{"country":{"en":"France","email":"customersupport@malaguti.bike"}},{"country":{"en":"Germany","email":"customersupport@malaguti.bike"}},{"country":{"en":"Italy","email":"customersupport@malaguti.bike"}},{"country":{"en":"Switzerland","email":"customersupport@malaguti.bike"}},{"country":{"en":"Spain","email":"customersupport@malaguti.bike"}},{"country":{"en":"","email":""}}],"intro_copy":{"en":"<h3>CONT\u00c1CTANOS<\/h3>\n"},"details":[{"form_name":"Cliente","contact_option_text":"Tengo una consulta general.","visible_fields":["firstNameField","lastNameField","emailField","messageField"],"country_list_or_email":"Email","to_email":"customerservice@malaguti.bike","optional_cc_email":"customersupport@malaguti.bike"},{"form_name":"Concesionario","contact_option_text":"Estoy interesado en ser distribuidor de Malaguti.","visible_fields":["firstNameField","lastNameField","emailField","cityField","companyField","messageField"],"country_list_or_email":"Email","to_email":"customerservice@malaguti.bike","optional_cc_email":""},{"form_name":"Prensa","contact_option_text":"Trabajo en medios\/prensa y me gustar\u00eda colaborar con Malaguti.","visible_fields":["firstNameField","lastNameField","emailField","mediaField","messageField"],"country_list_or_email":"Email","to_email":"customerservice@malaguti.bike","optional_cc_email":""}],"contact_form_placeholders":{"country_select":{"en":"Seleccionar pa\u00eds"},"first_name":{"en":"Nombre"},"last_name":{"en":"Apellidos"},"email":{"en":"Email"},"city":{"en":"Ciudad"},"company":{"en":"Empresa"},"message":{"en":"Mensaje"},"optin":{"en":"He le\u00eddo y acepto la informaci\u00f3n sobre el uso de mis datos personales explicada en la <b><a href=\"\/es\/politica-de-privacidad\"><span style=\"color: #ff0000\">Pol\u00edtica de Privacidad<\/a><\/span> <\/b>y en la <b><a href=\"\/es\/politica-de-cookies\"><span style=\"color: #ff0000\">Pol\u00edtica de Cookies<\/a><\/span><\/b>, y doy mi consentimiento a Malaguti Motorcycles para que conserve mis datos personales y se ponga en contacto conmigo con noticias y actualizaciones sobre los productos y servicios de Malaguti Motorcycles de acuerdo con la legislaci\u00f3n europea GDPR."},"send_button":{"en":"Enviar"}},"imprint":{"en":"<h4>IMPRINT<\/h4>\n<p>Empresa: KSR Group<br \/>\nDirecci\u00f3n General: Christian and Michael Kirschenhofer<br \/>\nRegistro de la compa\u00f1\u00eda: FN33744z<br \/>\nTribunal responsable: Landesgericht Krems<br \/>\nVAT-ID: ATU 18522105<br \/>\nDise\u00f1o de marca y sitio web: Kastner London<br \/>\nPol\u00edtica de privacidad: <a href=\"https:\/\/malaguti.bike\/es\/politica-de-privacidad\/\">m\u00e1s informaci\u00f3n aqu\u00ed<\/a><\/p>\n<p>Toda la informaci\u00f3n se proporciona sin garant\u00eda. Los errores y cambios est\u00e1n reservados.<\/p>\n"},"meta_description":"Malaguti - The spirit of Bologna: Designed to open up the busiest streets, Malaguti\u2019s next generation is coming. It\u2019s a dynamic range of motorcycles with uncompromising style. ","meta_keywords":"Malaguti, Sport, Street, Supermoto, Enduro, Adventure, City, Motorcycles, Motorbike, Bike, Scooter, 125cc, 300cc, Dealersearch, Spirit of Bologna, motorcycle, Dune, Monte Pro, Monte, Madison, RST, XSM, XTM"},"_links":{"self":[{"href":"https:\/\/malaguti.bike\/es\/wp-json\/wp\/v2\/pages\/1234"}],"collection":[{"href":"https:\/\/malaguti.bike\/es\/wp-json\/wp\/v2\/pages"}],"about":[{"href":"https:\/\/malaguti.bike\/es\/wp-json\/wp\/v2\/types\/page"}],"author":[{"embeddable":true,"href":"https:\/\/malaguti.bike\/es\/wp-json\/wp\/v2\/users\/3"}],"replies":[{"embeddable":true,"href":"https:\/\/malaguti.bike\/es\/wp-json\/wp\/v2\/comments?post=1234"}],"version-history":[{"count":15,"href":"https:\/\/malaguti.bike\/es\/wp-json\/wp\/v2\/pages\/1234\/revisions"}],"predecessor-version":[{"id":29920,"href":"https:\/\/malaguti.bike\/es\/wp-json\/wp\/v2\/pages\/1234\/revisions\/29920"}],"wp:attachment":[{"href":"https:\/\/malaguti.bike\/es\/wp-json\/wp\/v2\/media?parent=1234"}],"curies":[{"name":"wp","href":"https:\/\/api.w.org\/{rel}","templated":true}]}}