{"id":1228,"date":"2018-10-30T15:31:22","date_gmt":"2018-10-30T15:31:22","guid":{"rendered":"http:\/\/malaguti.bike\/privacy-policy\/"},"modified":"2022-11-30T09:30:07","modified_gmt":"2022-11-30T09:30:07","slug":"politica-de-privacidad","status":"publish","type":"page","link":"https:\/\/malaguti.bike\/es\/politica-de-privacidad\/","title":{"rendered":"Pol\u00edtica de Privacidad"},"content":{"rendered":"<h2 style=\"text-align: center\"><span style=\"font-size: 30pt\"><strong>POL\u00cdTICA DE PRIVACIDAD<\/strong><\/span><\/h2>\n<p>La protecci\u00f3n de su informaci\u00f3n personal es muy importante para nosotros. Tratamos sus datos personales exclusivamente sobre la base de las disposiciones legales (REGLAMENTO (UE) 2016\/679 DEL PARLAMENTO EUROPEO Y DEL CONSEJO de 27 de abril de 2016 relativo a la protecci\u00f3n de las personas f\u00edsicas en lo que respecta al tratamiento de datos personales y a la libre circulaci\u00f3n de estos datos y por el que se deroga la Directiva 95\/46\/CE (Reglamento general de protecci\u00f3n de datos o \u201c<strong>GDPR<\/strong>\u201d, Ley Org\u00e1nica 3\/2018, de 5 de diciembre, de Protecci\u00f3n de Datos Personales y garant\u00eda de los derechos digitales (<strong>\u201cLOPDGDD\u201d<\/strong>), Ley 34\/2002, de 11 de julio, de servicios de la sociedad de la informaci\u00f3n y de comercio electr\u00f3nico (\u201c<strong>LSI<\/strong>\u201d), y dem\u00e1s norma de aplicaci\u00f3n).<\/p>\n<p>Cuando usted visita nuestro sitio web y\/o utiliza los servicios de nuestro sitio web, tratamos informaci\u00f3n sobre usted, los llamados datos personales (\u00abdatos\u00bb). El t\u00e9rmino \u00abtratamiento\u00bb significa cualquier operaci\u00f3n o conjunto de operaciones realizadas sobre datos personales o conjuntos de datos personales, ya sea por procedimientos automatizados o no, como la recogida, registro, organizaci\u00f3n, estructuraci\u00f3n, conservaci\u00f3n, adaptaci\u00f3n o modificaci\u00f3n, extracci\u00f3n, consulta, utilizaci\u00f3n, comunicaci\u00f3n por transmisi\u00f3n, difusi\u00f3n o cualquier otra forma de habilitaci\u00f3n de acceso, cotejo o interconexi\u00f3n, limitaci\u00f3n, supresi\u00f3n o destrucci\u00f3n.<\/p>\n<p>En esta Pol\u00edtica de Privacidad, nuestro objetivo es informarle sobre los aspectos m\u00e1s importantes del tratamiento de datos personales en nuestro Sitio Web y en el curso de nuestras actividades comerciales.<\/p>\n<p>KSR Group puede modificar y actualizar la presente Pol\u00edtica de Privacidad y la versi\u00f3n actualizada se publicar\u00e1 en el Sitio Web. En este aspecto, se recomienda revisar la Pol\u00edtica de Privacidad cuando visitan el Sitio Web.<\/p>\n<p>Asimismo, en el caso de que usted tenga alg\u00fan problema o duda relacionada con la Pol\u00edtica de Privacidad, nos puede realizar las correspondientes consultas a trav\u00e9s de nuestro correo electr\u00f3nico: <a href=\"mailto:Office.Spain@ksr-group.com\"><strong>Office.Spain@ksr-group.com<\/strong><\/a><\/p>\n<p>&nbsp;<\/p>\n<ol>\n<li><strong>EL RESPONSABLE DE TRATAMIENTO DE LOS DATOS PERSONALES<\/strong><\/li>\n<\/ol>\n<p>El responsable del tratamiento de sus datos personales es:<\/p>\n<p><strong>\u00a0<\/strong><\/p>\n<p style=\"text-align: center\"><strong>KSR Group GmbH<\/strong><\/p>\n<p style=\"text-align: center\">Im Wirtschaftspark 15<\/p>\n<p style=\"text-align: center\">3494 Gedersdorf<\/p>\n<p style=\"text-align: center\">Austria<\/p>\n<p>&nbsp;<\/p>\n<p>Si usted tiene dudas relacionados con el tratamiento de los datos personales o necesita recibir informaciones adicionales sobre la forma concreta de tratamiento sus datos personales, p\u00f3ngase en contacto con nosotros a trav\u00e9s de nuestro correo electr\u00f3nico: <a href=\"mailto:Office.Spain@ksr-group.com\"><strong>Office.Spain@ksr-group.com<\/strong><\/a><\/p>\n<p>&nbsp;<\/p>\n<p>Asimismo, le informamos que utilizamos el servidor web de ALL-INKL.COM sito en Alemania como encargado de operar y manejar nuestro Sitio Web.<\/p>\n<p>&nbsp;<\/p>\n<ol start=\"2\">\n<li><strong>TIPOLOG\u00cdA DE LOS DATOS PERSONAS QUE SE RECOPILAN<\/strong><\/li>\n<\/ol>\n<p>&nbsp;<\/p>\n<p>A trav\u00e9s del presente Sitio Web, KSR Group trata los siguientes tipos de datos personales:<\/p>\n<p>&nbsp;<\/p>\n<table width=\"567\">\n<thead>\n<tr>\n<td width=\"567\"><strong>TIPOLOG\u00cdA DE LOS DATOS PERSONAS<\/strong><\/td>\n<\/tr>\n<\/thead>\n<tbody>\n<tr>\n<td width=\"567\">\u00b7\u00a0\u00a0\u00a0\u00a0\u00a0\u00a0\u00a0\u00a0 <strong>Datos identificativos:<\/strong>\u00a0direcci\u00f3n IP, n\u00famero de tel\u00e9fono m\u00f3vil, ubicaci\u00f3n, idioma, direcci\u00f3n de correo electr\u00f3nico, im\u00e1genes, fotograf\u00edas, sonidos e informaci\u00f3n de las cuentas en las redes sociales.<\/p>\n<p>&nbsp;<\/p>\n<p>\u00b7\u00a0\u00a0\u00a0\u00a0\u00a0\u00a0\u00a0\u00a0 <strong>Datos de informaci\u00f3n transaccional<\/strong>: nombre y apellido, domicilio, c\u00f3digo postal, domicilio de notificaci\u00f3n, n\u00famero de identificaci\u00f3n fiscal, datos de cuenta bancaria, datos de aplicaciones de pago, pedidos.<\/p>\n<p>&nbsp;<\/p>\n<p>\u00b7\u00a0\u00a0\u00a0\u00a0\u00a0\u00a0\u00a0\u00a0 <strong>Datos de conexi\u00f3n y navegaci\u00f3n<\/strong>.<\/td>\n<\/tr>\n<\/tbody>\n<\/table>\n<p>&nbsp;<\/p>\n<p>Recuerda que, cuando le pidamos que rellene sus datos personales para darle acceso a alguna funcionalidad o servicio del Sitio Web, marcaremos algunos campos como obligatorios, puesto que son datos que necesitamos para poder prestarle el servicio o darle acceso a la funcionalidad en cuesti\u00f3n. Por favor, tenga en cuenta que si decide no facilitarnos esos datos, es posible que no pueda disfrutar de esos servicios o funcionalidades.<\/p>\n<p>&nbsp;<\/p>\n<ol start=\"3\">\n<li><strong>PROCEDENCIA DE LOS DATOS PERSONALES<\/strong><\/li>\n<\/ol>\n<p>&nbsp;<\/p>\n<p>En cuanto a la procedencia de los datos personales que tratamos, estos son los principales medios a trav\u00e9s de los que KSR Group recaba su informaci\u00f3n:<\/p>\n<p>&nbsp;<\/p>\n<ul>\n<li><strong>Informaci\u00f3n que nos facilita a trav\u00e9s del Sitio Web u otros medios de comunicaci\u00f3n:\u00a0<\/strong>recibimos y almacenamos toda la informaci\u00f3n que nos facilita en relaci\u00f3n con nuestros servicios. En este sentido, puede elegir no facilitar cierta informaci\u00f3n, pero si as\u00ed lo hace, puede que no disfrute de muchos de nuestros servicios.<\/li>\n<li><strong>Informaci\u00f3n autom\u00e1tica:\u00a0<\/strong>recopilamos y almacenamos de forma autom\u00e1tica ciertos tipos de informaci\u00f3n sobre el uso que hace de nuestros servicios. Por ejemplo, al igual que hacen muchas otras p\u00e1ginas web, utilizamos \u00abcookies\u00bb y otros identificadores \u00fanicos para recabar cierta informaci\u00f3n cuando su navegador de Internet o su dispositivo acceden a nuestro Sitio Web y a otros tipos de contenidos que le son ofrecidos por parte de o en nombre de KSR Group en otras p\u00e1ginas web.<\/li>\n<li><strong>Informaci\u00f3n procedente de otras fuentes:\u00a0<\/strong>es posible que recibamos informaci\u00f3n sobre usted de otras fuentes, como, por ejemplo, informaci\u00f3n actualizada sobre su direcci\u00f3n y sobre entregas procedente de nuestros transportistas o proveedores, que utilizamos para actualizar nuestros registros y mejorar nuestros servicios.<\/li>\n<\/ul>\n<p>&nbsp;<\/p>\n<ol start=\"4\">\n<li><strong>FINALIDAD DEL TRATAMIENTO DE DATOS PERSONALES Y BASE LEGAL APLICABLE<\/strong><\/li>\n<\/ol>\n<p>&nbsp;<\/p>\n<p>Describimos y resumimos las concretas finalidades por las que KSR Group trata los datos sus datos personales junto con las bases legales correspondientes.<\/p>\n<p>&nbsp;<\/p>\n<table style=\"height: 995px\" width=\"851\">\n<thead>\n<tr>\n<td width=\"274\"><strong>Finalidad<\/strong><\/td>\n<td width=\"293\"><strong>Base legal<\/strong><\/td>\n<\/tr>\n<\/thead>\n<tbody>\n<tr>\n<td width=\"274\">Gestionar, conservar y mantener una administraci\u00f3n precisa y adecuada de los datos personales de los Usuarios, incluida la verificaci\u00f3n de los datos de Usuarios, con la finalidad de atender las solicitudes o peticiones que realice.<\/td>\n<td width=\"293\">El tratamiento es necesario para cumplir un <strong>inter\u00e9s leg\u00edtimo<\/strong> de procesar sus solicitudes y proporcionarle nuestros productos o servicios, incluyendo la aceptaci\u00f3n y gesti\u00f3n de pedidos, entrega de productos y servicios y procesamiento de pagos.<\/td>\n<\/tr>\n<tr>\n<td width=\"274\">Evaluar y rastrear la calidad y los resultados de los cursos online vendidos.<\/td>\n<td width=\"293\">El tratamiento es necesario para cumplir un <strong>inter\u00e9s leg\u00edtimo <\/strong>de mejorar la calidad y los resultados de nuestros servicios al cliente.<\/td>\n<\/tr>\n<tr>\n<td width=\"274\">Mantener y garantizar un entorno seguro en el Sitio Web.<\/td>\n<td width=\"293\">El tratamiento es necesario para cumplir un <strong>inter\u00e9s leg\u00edtimo<\/strong> de prevenir y detectar el fraude y el abuso con el fin de proteger la seguridad de nuestros Usuarios.<\/td>\n<\/tr>\n<tr>\n<td width=\"274\">Realizar la cumplimentaci\u00f3n de formularios de contacto o solicitudes.<\/td>\n<td style=\"text-align: center\" width=\"293\"><strong>Consentimiento.<\/strong><\/td>\n<\/tr>\n<tr>\n<td width=\"274\">Realizar la cumplimentaci\u00f3n de formularios de suscripci\u00f3n a contenidos publicados en el Sitio Web.<\/td>\n<td style=\"text-align: center\" width=\"293\"><strong>Consentimiento.<\/strong><\/td>\n<\/tr>\n<tr>\n<td width=\"274\">Realizar actividades publicitarias y de marketing. Publicar novedades y nuevos servicios. Realizar cumplimentaci\u00f3n de formularios de registro de eventos, webinars, etc., as\u00ed como llevar a cabo publicaciones de eventos en distintos medios de comunicaci\u00f3n y redes sociales.<\/td>\n<td style=\"text-align: center\" width=\"293\"><strong>Consentimiento.<\/strong><\/td>\n<\/tr>\n<tr>\n<td width=\"274\">Crear informes anal\u00edticos para mejorar el funcionamiento del Sitio Web.<\/td>\n<td style=\"text-align: center\" width=\"293\"><strong>Consentimiento. <\/strong><\/td>\n<\/tr>\n<tr>\n<td width=\"274\">Llevar a cabo actividades con una finalidad concreta, la cual le comunicaremos previamente a recabar sus datos personales.<\/td>\n<td style=\"text-align: center\" width=\"293\"><strong>Consentimiento<\/strong><\/td>\n<\/tr>\n<\/tbody>\n<\/table>\n<p>&nbsp;<\/p>\n<ol start=\"5\">\n<li><strong>CESI\u00d3N O COMUNICACI\u00d3N DE LOS DATOS PERSONALES. TRANSFERENCIAS INTERNACIONALES DE DATOS PERSONALES.<\/strong><\/li>\n<\/ol>\n<p>&nbsp;<\/p>\n<p>Para cumplir las finalidades indicadas en la presente Pol\u00edtica de Privacidad, en ocasiones es necesario que demos acceso a sus datos personales a\u00a0<strong>terceras <\/strong>partes\u00a0que nos presten apoyo en los servicios que le ofrecemos, a saber:<\/p>\n<ul>\n<li>proveedores de\u00a0servicios tecnol\u00f3gicos y de marketing<\/li>\n<li>proveedores de servicios relacionados con\u00a0atenci\u00f3n al cliente.<\/li>\n<\/ul>\n<p>&nbsp;<\/p>\n<p>Por eficiencia del servicio, algunos de los prestadores mencionados puede que est\u00e9n ubicados en territorios situados fuera del Espacio Econ\u00f3mico Europeo que no proporcionen un nivel de protecci\u00f3n de datos equiparable al de la Uni\u00f3n Europea. En tales casos, le informamos de que transferimos tus datos con\u00a0garant\u00edas adecuadas y siempre guardando la seguridad de tus datos.<\/p>\n<p>&nbsp;<\/p>\n<ol start=\"6\">\n<li><strong>SITIO DE TERCEROS<\/strong><\/li>\n<\/ol>\n<p>&nbsp;<\/p>\n<p>Le informamos que pueden existir en el Sitio Web distintos enlaces a p\u00e1ginas web o aplicaciones operados por terceros.<\/p>\n<p>&nbsp;<\/p>\n<p>La presente Pol\u00edtica de Privacidad no es aplicable a las p\u00e1ginas web o los servicios de estos terceros. Si los Usuarios acceden a un enlace o a alguna de dichas p\u00e1ginas web, deben tener en cuenta que los mismos se rigen por sus propias pol\u00edticas de privacidad y sus t\u00e9rminos y condiciones ya que KSR Group no asume ninguna responsabilidad por las pol\u00edticas de los terceros.<\/p>\n<p>&nbsp;<\/p>\n<p>A modo de ejemplo, nuestro Sitio Web utiliza los siguientes proveedores o sitios de terceros con la finalidad de mejorar la funcionalidad del Sitio Web:<\/p>\n<p>&nbsp;<\/p>\n<ul>\n<li>Google Maps: Hemos integrado Google Maps para poder mostrar el servicio de mapas directamente en nuestro Sitio Web y as\u00ed permitirle utilizar la funci\u00f3n de mapas. Al integrar Google Maps, los datos pueden enviarse a Google y posiblemente Google los utilice. Cuando visita nuestro Sitio Web, los datos no se transmiten autom\u00e1ticamente a Google.<\/li>\n<\/ul>\n<p>Todos los mapas est\u00e1n integrados en el llamado \u00abmodo de 2 clics\u00bb, lo que significa que no se transferir\u00e1n datos sobre usted como usuario a Google si no activa la funci\u00f3n de mapa. Antes de la activaci\u00f3n de la funci\u00f3n de mapa, solo se muestra una imagen de vista previa cargada desde nuestro propio servidor web. En el transcurso de la transferencia de datos a Google, sus datos personales se transferir\u00e1n a los servidores de Google, que tambi\u00e9n pueden estar ubicados en los EE. UU. Estados Unidos es un pa\u00eds que no tiene un nivel de protecci\u00f3n de datos adecuado al de la UE. En particular, esto significa que las autoridades estadounidenses pueden acceder a los datos personales de manera simplificada y que solo existen derechos limitados a tales medidas. Si activa la funci\u00f3n Google Maps, acepta expresamente la transferencia de datos a Google y la transferencia de sus datos personales a servidores ubicados en EE. UU.<\/p>\n<p>Para obtener m\u00e1s informaci\u00f3n sobre Google Maps y el alcance y prop\u00f3sito exactos del procesamiento de datos por parte de Google, consulte la pol\u00edtica de privacidad de Google Inc. en <a href=\"https:\/\/policies.google.com\/privacy\">https:\/\/policies.google.com\/privacy<\/a>.<\/p>\n<p>&nbsp;<\/p>\n<ul>\n<li>Youtube: Hemos integrado videos de YouTube en nuestro Sitio Web, que se almacenan en la plataforma de YouTube y se pueden reproducir directamente desde nuestro Sitio Web. Al integrar YouTube, los datos pueden enviarse a Google Inc. y posiblemente Google Inc. los utilice. Cuando visita nuestro sitio web, los datos no se transmiten autom\u00e1ticamente a Google Inc.<\/li>\n<\/ul>\n<p>&nbsp;<\/p>\n<p>YouTube es un servicio de Google LLC, D \/ B \/ A YouTube. 901 Cherry Ave., San Bruno, CA 94066, EE. UU. Todos los videos est\u00e1n integrados en el llamado \u00abmodo de 2 clics\u00bb, lo que significa que no se transferir\u00e1n datos sobre usted como usuario a Google si no activa la funci\u00f3n de video. Antes de la activaci\u00f3n de la funci\u00f3n de video, solo se muestra una imagen de vista previa cargada desde nuestro propio servidor web.<\/p>\n<p>Los datos solo se transferir\u00e1n a Google si activa dichas funciones de video. Una vez activado, no tenemos ninguna influencia en esta transferencia de datos. La transferencia de datos se lleva a cabo independientemente de si Google proporciona una cuenta de usuario a trav\u00e9s de la cual ha iniciado sesi\u00f3n o si no existe una cuenta de usuario. Si ha iniciado sesi\u00f3n en Google, sus datos se asignar\u00e1n directamente a su cuenta.<\/p>\n<p>Para obtener m\u00e1s informaci\u00f3n sobre Google Inc. y el alcance y prop\u00f3sito exactos del procesamiento de datos por parte de Google Inc., consulte la pol\u00edtica de privacidad de YouTube en <a href=\"https:\/\/policies.google.com\/privacy\">https:\/\/policies.google.com\/privacy<\/a>.<\/p>\n<p>&nbsp;<\/p>\n<ul>\n<li>Yumpu: Hemos integrado publicaciones de Yumpu en nuestro Sitio Web, lo cual nos permite incrustar cat\u00e1logos en nuestro Sitio Web. Al integrar Yumpu, los datos pueden enviarse a i-Magazine AG y posiblemente ser utilizados por i-Magazine AG. Cuando visita nuestro Sitio Web, los datos no se transmiten autom\u00e1ticamente a i-Magazine AG.<\/li>\n<\/ul>\n<p>Para obtener m\u00e1s informaci\u00f3n sobre Yumpu y el alcance y prop\u00f3sito exactos del tratamiento de datos por parte de i-Magazine AG, consulte la pol\u00edtica de privacidad de Yumpu en <a href=\"https:\/\/www.yumpu.com\/de\/info\/privacy_policy\">https:\/\/www.yumpu.com\/de\/info\/privacy_policy<\/a>.<\/p>\n<p>&nbsp;<\/p>\n<ul>\n<li>Vimeo: La funci\u00f3n de integraci\u00f3n de Vimeo nos permite mostrarle v\u00eddeos en nuestro sitio web. Al integrar Vimeo, los datos pueden ser enviados a Vimeo.com Inc. y posiblemente utilizados por Vimeo.com Inc. Cuando usted visita nuestro sitio web, los datos no se transmiten autom\u00e1ticamente a Vimeo.com Inc.<\/li>\n<\/ul>\n<p>La transmisi\u00f3n de datos a los servidores de Vimeo.com Inc., que se encuentran en su mayor\u00eda en los Estados Unidos, se realiza sobre la base de cl\u00e1usulas contractuales est\u00e1ndar.<\/p>\n<p>Para obtener m\u00e1s informaci\u00f3n sobre Vimeo y el alcance y la finalidad exactos del tratamiento de datos por parte de Vimeo.com Inc., consulte la pol\u00edtica de privacidad de Vimeo.com Inc. en <a href=\"https:\/\/vimeo.com\/privacy\">https:\/\/vimeo.com\/privacy<\/a><\/p>\n<ul>\n<li>\u201crapidmail\u201d: Es una plataforma de marketing por correo electr\u00f3nico proporcionada por rapidmail GmbH, Wentzingerstra\u00dfe 21, 79106 Freiburg im Breisgau, Alemania., la cual trabaja en nuestro nombre como procesador de datos y solo puede usar sus datos para manejar pedidos espec\u00edficos y est\u00e1 obligada por contrato a observar las normas legales de protecci\u00f3n de datos. Para obtener m\u00e1s informaci\u00f3n sobre rapidmail y el alcance y la finalidad exactos del tratamiento de datos por parte de rapidmail GmbH, consulte la pol\u00edtica de privacidad <a href=\"https:\/\/www.rapidmail.com\/data-protection\">https:\/\/www.rapidmail.com\/data-protection<\/a><\/li>\n<\/ul>\n<p>&nbsp;<\/p>\n<ol start=\"7\">\n<li><strong>UTILIZACI<\/strong><strong>\u00d3N DE LAS COOKIES<\/strong><\/li>\n<\/ol>\n<p><strong>\u00a0<\/strong><\/p>\n<p>Con el fin de que nuestro sistema pueda reconocer su navegador o dispositivo y al mismo tiempo mejorar el funcionamiento del Sitio Web, KSR Group utiliza distintos tipos de cookies.<\/p>\n<p>&nbsp;<\/p>\n<p>Usted debe leer atentamente la\u00a0Pol\u00edtica de Cookies que contiene las informaciones detalladas sobre la utilizaci\u00f3n de cookies.<\/p>\n<p><strong>\u00a0<\/strong><\/p>\n<ol start=\"8\">\n<li><strong>PERIODO DE RETENCI\u00d3N DE LOS DATOS PERSONALES<\/strong><\/li>\n<\/ol>\n<p>&nbsp;<\/p>\n<p>KSR Group trata sus datos personales de acuerdo con el principio de necesidad para las finalidades del tratamiento. En este aspecto, KSR Group conservar\u00e1 sus datos personales con el fin de que pueda utilizar nuestros servicios de forma continuada y durante el tiempo necesario para cumplir los fines descritos en esta Pol\u00edtica de Privacidad, seg\u00fan resulte exigible conforme a la legislaci\u00f3n (por ejemplo, con fines fiscales y contables), o de cualquier otro modo que le hayamos comunicado.<\/p>\n<p>&nbsp;<\/p>\n<p>Los Usuarios tienen la opci\u00f3n de desactivar sus cuentas con la eliminaci\u00f3n de las informaciones de las cuentas junto con los datos personales remiti\u00e9ndonos un correo electr\u00f3nico a\u00a0<a href=\"mailto:Office.Spain@ksr-group.com\"><strong>Office.Spain@ksr-group.com<\/strong><\/a><\/p>\n<p>&nbsp;<\/p>\n<p>En otras ocasiones, si las legislaciones nacionales y europeas regulan per\u00edodos espec\u00edficos de retenci\u00f3n, los datos personales se retendr\u00e1n por los per\u00edodos establecidos conforme a la normativa de aplicaci\u00f3n.<\/p>\n<p>&nbsp;<\/p>\n<p>Sin perjuicio de lo anterior, KSR Group puede retener los datos personales durante el periodo necesario para cumplir con las obligaciones legales o para el ejercicio o defensa de reclamaciones.<\/p>\n<p>&nbsp;<\/p>\n<ol start=\"9\">\n<li><strong>DERECHOS DE LOS USUARIOS<\/strong><\/li>\n<\/ol>\n<p>&nbsp;<\/p>\n<p>KSR Group se compromete a respetar la confidencialidad de sus datos personales y a garantizar a los Usuarios el ejercicio de sus derechos.<\/p>\n<p>&nbsp;<\/p>\n<p>Los Usuarios pueden ejercitar los derechos sin coste alguno remiti\u00e9ndonos un correo electr\u00f3nico a la direcci\u00f3n de correo <a href=\"mailto:Office.Spain@ksr-group.com\"><strong>Office.Spain@ksr-group.com<\/strong><\/a>, simplemente indic\u00e1ndonos el motivo de la solicitud y el concreto derecho que se ejercite. Tambi\u00e9n KSR Group puede solicitar a los Usuarios la copia de documento de identidad con el motivo de verificar la identidad de los Usuarios.<\/p>\n<p>&nbsp;<\/p>\n<p>En particular, los Usuarios tienen los siguientes derechos:<\/p>\n<p>&nbsp;<\/p>\n<ul>\n<li><strong>Acceso:<\/strong> los Usuarios pueden consultar si KSR Group est\u00e1 tratando sus datos personales. En caso afirmativo, pueden solicitar el acceso a sus propios datos personales y recibir una copia de los datos personales tratados para verificar el tratamiento adecuado de sus datos personales.<\/li>\n<li><strong>Rectificaci\u00f3n:<\/strong>los Usuarios tienen derecho a solicitar que se rectifiquen sus datos personales incompletos, imprecisos o err\u00f3neos.<\/li>\n<li><strong>Supresi\u00f3n:<\/strong>los Usuarios pueden solicitar la supresi\u00f3n o eliminaci\u00f3n de sus datos personales ante determinadas circunstancias. Existen ciertas excepciones en las que KSR Group puede negarse ante dicha solicitud (por ejemplo, retenemos determinados datos personas que son necesarios en virtud de una base legal).<\/li>\n<li><strong>Limitaci\u00f3n:<\/strong>Los Usuarios pueden solicitar la limitaci\u00f3n del tratamiento de sus datos personales. En determinados casos, los Usuarios pueden solicitar que suspendamos temporalmente el tratamiento de sus datos o que los datos no se conserven m\u00e1s all\u00e1 del tiempo necesario.<\/li>\n<li><strong>Portabilidad de datos:<\/strong>puede solicitar la transferencia de una copia de sus datos personales. Tiene derecho a solicitar que KSR Group facilite los datos personales en un formato de f\u00e1cil lectura a otra empresa.<\/li>\n<\/ul>\n<p>Cuando los Usuarios hayan dado su consentimiento para el tratamiento de sus datos personales para un fin espec\u00edfico, tienen derecho a revocar su consentimiento para ese tratamiento espec\u00edfico en cualquier momento. La revocaci\u00f3n de su consentimiento no afecta la legalidad del tratamiento basado en su consentimiento anterior al retiro.<\/p>\n<p>&nbsp;<\/p>\n<ol start=\"10\">\n<li><strong>TUTELA ANTE AUTORIDADES DE SUPERVISI\u00d3N<\/strong><\/li>\n<\/ol>\n<p><strong>\u00a0<\/strong><\/p>\n<p>Si los Usuarios tienen alguna queja sobre la manera en que se tratan sus datos personales, pueden presentar una queja o reclamaci\u00f3n ante la Agencia Espa\u00f1ola de Protecci\u00f3n de Datos (AEPD) a trav\u00e9s del siguiente enlace: <a href=\"https:\/\/www.agpd.es\/portalwebAGPD\/index-ides-idphp.php\">https:\/\/www.agpd.es\/portalwebAGPD\/index-ides-idphp.php<\/a><\/p>\n<p>&nbsp;<\/p>\n<ol start=\"11\">\n<li><strong>CAMBIOS EN LA POL\u00cdTICA DE PRIVACIDAD<\/strong><\/li>\n<\/ol>\n<p>Es posible que modifiquemos la informaci\u00f3n contenida en nuestra Pol\u00edtica de Privacidad cuando lo estimemos conveniente. Por ello, le sugerimos que revise esta Pol\u00edtica de Privacidad de vez en cuando por si hubiera cambios menores o introducimos alguna mejora interactiva, aprovechando que siempre la encontrar\u00e1 como punto permanente de informaci\u00f3n en nuestro Sitio Web.<\/p>\n<p>&nbsp;<\/p>\n<p style=\"text-align: right\">\u00daltima versi\u00f3n actualizada: 14 de octubre de 2022<\/p>\n","protected":false},"excerpt":{"rendered":"<p>POL\u00cdTICA DE PRIVACIDAD La protecci\u00f3n de su informaci\u00f3n personal es muy importante para nosotros. Tratamos sus datos personales exclusivamente sobre la base de las disposiciones legales (REGLAMENTO (UE) 2016\/679 DEL PARLAMENTO EUROPEO Y DEL CONSEJO de 27 de abril de 2016 relativo a la protecci\u00f3n de las personas f\u00edsicas en lo que respecta al tratamiento [&hellip;]<\/p>\n","protected":false},"author":3,"featured_media":0,"parent":0,"menu_order":0,"comment_status":"closed","ping_status":"closed","template":"template-legal.php","meta":{"inline_featured_image":false},"acf":false,"_links":{"self":[{"href":"https:\/\/malaguti.bike\/es\/wp-json\/wp\/v2\/pages\/1228"}],"collection":[{"href":"https:\/\/malaguti.bike\/es\/wp-json\/wp\/v2\/pages"}],"about":[{"href":"https:\/\/malaguti.bike\/es\/wp-json\/wp\/v2\/types\/page"}],"author":[{"embeddable":true,"href":"https:\/\/malaguti.bike\/es\/wp-json\/wp\/v2\/users\/3"}],"replies":[{"embeddable":true,"href":"https:\/\/malaguti.bike\/es\/wp-json\/wp\/v2\/comments?post=1228"}],"version-history":[{"count":7,"href":"https:\/\/malaguti.bike\/es\/wp-json\/wp\/v2\/pages\/1228\/revisions"}],"predecessor-version":[{"id":29709,"href":"https:\/\/malaguti.bike\/es\/wp-json\/wp\/v2\/pages\/1228\/revisions\/29709"}],"wp:attachment":[{"href":"https:\/\/malaguti.bike\/es\/wp-json\/wp\/v2\/media?parent=1228"}],"curies":[{"name":"wp","href":"https:\/\/api.w.org\/{rel}","templated":true}]}}