{"id":7851,"date":"2021-01-05T09:23:24","date_gmt":"2021-01-05T09:23:24","guid":{"rendered":"http:\/\/malaguti.bike\/newsletter\/"},"modified":"2021-01-05T14:24:11","modified_gmt":"2021-01-05T14:24:11","slug":"newsletter","status":"publish","type":"page","link":"https:\/\/malaguti.bike\/de_CH\/newsletter\/","title":{"rendered":"Newsletter"},"content":{"rendered":"","protected":false},"excerpt":{"rendered":"","protected":false},"author":4,"featured_media":0,"parent":0,"menu_order":0,"comment_status":"closed","ping_status":"closed","template":"news-letter-template.php","meta":{"inline_featured_image":false},"acf":{"intro_copy":"<h1>SUBSCRIBE TO THE LATEST NEWS FROM MALAGUTI<\/h1>\n","first_name_label":"Name","last_name_label":"Nachname","email_label":"Email","opt-in_copy":"Hiermit erkl\u00e4re ich mich damit einverstanden, dass Malaguti meine personenbezogenen Daten speichert und mich bez\u00fcglich Neuigkeiten und Updates \u00fcber Produkte und Dienstleistungen von Malaguti in \u00dcbereinstimmung mit der europ\u00e4ischen DSGVO-Gesetzgebung kontaktiert.","button_label":"Anmelden","form_url":"https:\/\/t23fec00f.emailsys2a.net\/68\/4789\/89569e8557\/subscribe\/form.html?_g=1609856354","confirmation_page":{"title":"Newsletter confirmed","url":"http:\/\/malaguti.bike\/de_CH\/newsletter-confirmed\/","target":""},"temp":""},"_links":{"self":[{"href":"https:\/\/malaguti.bike\/de_CH\/wp-json\/wp\/v2\/pages\/7851"}],"collection":[{"href":"https:\/\/malaguti.bike\/de_CH\/wp-json\/wp\/v2\/pages"}],"about":[{"href":"https:\/\/malaguti.bike\/de_CH\/wp-json\/wp\/v2\/types\/page"}],"author":[{"embeddable":true,"href":"https:\/\/malaguti.bike\/de_CH\/wp-json\/wp\/v2\/users\/4"}],"replies":[{"embeddable":true,"href":"https:\/\/malaguti.bike\/de_CH\/wp-json\/wp\/v2\/comments?post=7851"}],"version-history":[{"count":3,"href":"https:\/\/malaguti.bike\/de_CH\/wp-json\/wp\/v2\/pages\/7851\/revisions"}],"predecessor-version":[{"id":7879,"href":"https:\/\/malaguti.bike\/de_CH\/wp-json\/wp\/v2\/pages\/7851\/revisions\/7879"}],"wp:attachment":[{"href":"https:\/\/malaguti.bike\/de_CH\/wp-json\/wp\/v2\/media?parent=7851"}],"curies":[{"name":"wp","href":"https:\/\/api.w.org\/{rel}","templated":true}]}}