{"id":4715,"date":"2019-03-21T14:12:19","date_gmt":"2019-03-21T14:12:19","guid":{"rendered":"http:\/\/malaguti.bike\/dealers\/"},"modified":"2019-03-21T14:12:19","modified_gmt":"2019-03-21T14:12:19","slug":"dealers","status":"publish","type":"page","link":"https:\/\/malaguti.bike\/de_CH\/dealers\/","title":{"rendered":"Dealers"},"content":{"rendered":"<h1>FINDE EINEN H\u00c4NDLER IN DEINER N\u00c4HE<\/h1>\n","protected":false},"excerpt":{"rendered":"<p>FINDE EINEN H\u00c4NDLER IN DEINER N\u00c4HE<\/p>\n","protected":false},"author":3,"featured_media":0,"parent":0,"menu_order":0,"comment_status":"closed","ping_status":"closed","template":"template-dealer.php","meta":{"inline_featured_image":false},"acf":{"bottom_text":"","legal_text":"","search_placeholder":"Gib einen Standort ein, um den n\u00e4hesten Malaguti H\u00e4ndler zu finden","search_button_label":"Suche","meta_description":"Malaguti - the spirit of Bologna: H\u00e4ndlersuche","meta_keywords":"Malaguti, Sport, Street, Supermoto, Enduro, Adventure, City, Motorcycles, Motorbike, Bike, Scooter, 125cc, 300cc, Dealersearch, Spirit of Bologna, motorcycle, ","share_image":false},"_links":{"self":[{"href":"https:\/\/malaguti.bike\/de_CH\/wp-json\/wp\/v2\/pages\/4715"}],"collection":[{"href":"https:\/\/malaguti.bike\/de_CH\/wp-json\/wp\/v2\/pages"}],"about":[{"href":"https:\/\/malaguti.bike\/de_CH\/wp-json\/wp\/v2\/types\/page"}],"author":[{"embeddable":true,"href":"https:\/\/malaguti.bike\/de_CH\/wp-json\/wp\/v2\/users\/3"}],"replies":[{"embeddable":true,"href":"https:\/\/malaguti.bike\/de_CH\/wp-json\/wp\/v2\/comments?post=4715"}],"version-history":[{"count":0,"href":"https:\/\/malaguti.bike\/de_CH\/wp-json\/wp\/v2\/pages\/4715\/revisions"}],"wp:attachment":[{"href":"https:\/\/malaguti.bike\/de_CH\/wp-json\/wp\/v2\/media?parent=4715"}],"curies":[{"name":"wp","href":"https:\/\/api.w.org\/{rel}","templated":true}]}}