{"id":4701,"date":"2020-06-26T10:56:46","date_gmt":"2020-06-26T09:56:46","guid":{"rendered":"http:\/\/malaguti.bike\/riser\/"},"modified":"2020-08-25T13:42:05","modified_gmt":"2020-08-25T12:42:05","slug":"riser","status":"publish","type":"page","link":"https:\/\/malaguti.bike\/de_AT\/riser\/","title":{"rendered":"90 Jahre Malaguti"},"content":{"rendered":"","protected":false},"excerpt":{"rendered":"","protected":false},"author":3,"featured_media":0,"parent":0,"menu_order":0,"comment_status":"closed","ping_status":"closed","template":"template-riser.php","meta":{"inline_featured_image":false},"acf":{"header_image":"https:\/\/malaguti.bike\/wp-content\/uploads\/sites\/3\/2020\/07\/WEBSITES_st\u00f6rerkleiner.jpg","intro_copy":{"en":"<h3><strong>Malaguti feiert 90 Jahre Jubil\u00e4um und du wirst beschenkt!<\/strong><\/h3>\n<p><strong>Hol dir jetzt beim Kauf einer neuen Malaguti dein gratis PRO Abo f\u00fcr die RISER APP!*<\/strong><\/p>\n<p>&nbsp;<\/p>\n<p><strong>Was ist die RISER App eigentlich?<\/strong><\/p>\n<p>F\u00fcr Motorradbegeisterte rund um den Globus ist RISER die ideale Reisebegleitung vor, w\u00e4hrend und nach der Fahrt. Als Teil der globalen RISER Community kannst du dich mit anderen Fahrern vernetzen, die perfekten Routen f\u00fcr deinen Fahrstil entdecken, deine Fahrten aufzeichnen und deine Abenteuer mit der Community teilen.<\/p>\n<p>Mehr Infos zur RISER App findest du unter <a href=\"https:\/\/riserapp.com\/\" target=\"_blank\" rel=\"noopener\">www.riserapp.com<\/a>.<\/p>\n<p>&nbsp;<\/p>\n<p>Registriere dich hier und lade die Rechnung deiner neuen Malaguti hoch! Nach Pr\u00fcfung deiner Daten erh\u00e4ltst du den Link f\u00fcr das RISER Pro Abo auf deine E-Mail Adresse zugeschickt.<\/p>\n<p>Das PRO Abo endet nach 3 Monaten automatisch und wird auf das BASIC Abo ge\u00e4ndert. Somit fallen f\u00fcr dich nach Ablauf des Abos keinerlei Kosten an. Nat\u00fcrlich kannst du dein Abo auch kostenpflichtig verl\u00e4ngern.<\/p>\n"},"form_placeholders":{"first_name":{"en":"Vorname"},"last_name":{"en":"Nachname"},"email":{"en":"E-mail"},"country":{"en":"Land"},"upload1":{"en":"Hochladen (max 15mb)"},"optin":{"en":"Hiermit erkl\u00e4re ich mich damit einverstanden, dass Malaguti meine personenbezogenen Daten, im Zuge der RISER Promotion in \u00dcbereinstimmung mit der europ\u00e4ischen GDPR-Gesetzgebung speichert."},"optin_newsletter":{"en":"Hiermit erkl\u00e4re ich mich damit einverstanden, dass Malaguti meine personenbezogenen Daten speichert und mich bez\u00fcglich Neuigkeiten und Updates \u00fcber Produkte und Dienstleistungen von Malaguti mittels Newsletter in \u00dcbereinstimmung mit der europ\u00e4ischen GDPR-Gesetzgebung kontaktiert"},"send_button":{"en":"Senden"}},"to_email":"hello@malaguti.bike","thank_you_message":"<h2>Vielen Dank!<\/h2>\n<p>Deine Daten wurden erfolgreich \u00fcbermittelt!<\/p>\n","meta_description":"","meta_keywords":"","share_image":false,"legal_message":"<p>* Aktion nur g\u00fcltig von 15.07. bis 30.09.2020 bis auf Widerruf und <strong>nur g\u00fcltig f\u00fcr die ersten 750 registrierten Kunden<\/strong>. Die Aktion kann nicht in bar ohne Kauf eines Fahrzeuges abgel\u00f6st werden oder mit anderen Aktionen kombiniert werden. Nur g\u00fcltig auf Fahrzeug-K\u00e4ufe, die seit dem 01.01.2020 get\u00e4tigt wurden.<\/p>\n<p>Bei Problemen bei der Registrierung kontaktiere bitte <a href=\"mailto:marketing@malaguti.com\" target=\"_blank\" rel=\"noopener\">hello@malaguti.com<\/a>.<\/p>\n"},"_links":{"self":[{"href":"https:\/\/malaguti.bike\/de_AT\/wp-json\/wp\/v2\/pages\/4701"}],"collection":[{"href":"https:\/\/malaguti.bike\/de_AT\/wp-json\/wp\/v2\/pages"}],"about":[{"href":"https:\/\/malaguti.bike\/de_AT\/wp-json\/wp\/v2\/types\/page"}],"author":[{"embeddable":true,"href":"https:\/\/malaguti.bike\/de_AT\/wp-json\/wp\/v2\/users\/3"}],"replies":[{"embeddable":true,"href":"https:\/\/malaguti.bike\/de_AT\/wp-json\/wp\/v2\/comments?post=4701"}],"version-history":[{"count":2,"href":"https:\/\/malaguti.bike\/de_AT\/wp-json\/wp\/v2\/pages\/4701\/revisions"}],"predecessor-version":[{"id":6859,"href":"https:\/\/malaguti.bike\/de_AT\/wp-json\/wp\/v2\/pages\/4701\/revisions\/6859"}],"wp:attachment":[{"href":"https:\/\/malaguti.bike\/de_AT\/wp-json\/wp\/v2\/media?parent=4701"}],"curies":[{"name":"wp","href":"https:\/\/api.w.org\/{rel}","templated":true}]}}