{"id":28826,"date":"2022-11-04T11:00:16","date_gmt":"2022-11-04T11:00:16","guid":{"rendered":"https:\/\/malaguti.bike\/imprint\/"},"modified":"2022-11-04T11:20:06","modified_gmt":"2022-11-04T11:20:06","slug":"imprint","status":"publish","type":"page","link":"https:\/\/malaguti.bike\/de\/imprint\/","title":{"rendered":"Impressum"},"content":{"rendered":"","protected":false},"excerpt":{"rendered":"","protected":false},"author":20,"featured_media":0,"parent":0,"menu_order":0,"comment_status":"closed","ping_status":"closed","template":"template-content-page.php","meta":{"inline_featured_image":false},"acf":{"content":[{"acf_fc_layout":"text_area","text":"<p><strong>Firmenname:<\/strong> <a href=\"https:\/\/ksr-group.com\">KSR Group<\/a><\/p>\n<p><strong>Gesch\u00e4ftsf\u00fchrer:<\/strong> Christian and Michael Kirschenhofer<\/p>\n<p><strong>Firmenbuchnummer:<\/strong> FN33744z<\/p>\n<p><strong>Firmenbuchgericht:<\/strong> Landesgericht Krems<\/p>\n<p><strong>Umsatzsteuernummer:<\/strong> ATU 18522105<\/p>\n<p><strong>BRANDING AND WEBSITE DESIGN:<\/strong> <a href=\"https:\/\/kastner.agency\">Kastner &amp; Partners London<\/a><\/p>\n<p><strong>PRIVACY STATEMENT:<\/strong> More information <a href=\"https:\/\/malaguti.bike\/de\/privacy-policy\/\">here<\/a><\/p>\n<p>All information is provided without warranty. Errors and changes are reserved.<\/p>\n<p>&nbsp;<\/p>\n<p><strong>Rechtliche Hinweise:<\/strong><\/p>\n<p>Alle Inhalte dieser Website sind urheberrechtlich gesch\u00fctzt. Die KSR Group GmbH gestattet ausdr\u00fccklich die Nutzung aller Daten f\u00fcr den privaten, nicht kommerziellen Gebrauch. Bei Vervielf\u00e4ltigung ist auf die Urheber- und Eigentumsrechte der KSR Group GmbH ausdr\u00fccklich hinzuweisen. Inhalte d\u00fcrfen in keiner Weise ver\u00e4ndert werden und ohne schriftliche Genehmigung nicht auf anderen Internetseiten oder vernetzten Rechnern genutzt werden. Jegliche Nutzung f\u00fcr \u00f6ffentliche oder kommerzielle Zwecke bedarf der Zustimmung der KSR Group GmbH. Ein Versto\u00df gegen diese Bedingungen verpflichtet zur sofortigen Vernichtung aller ausgedruckten oder heruntergeladenen Inhalte. Die Geltendmachung weiterer Schadensersatzanspr\u00fcche bleibt vorbehalten. Die KSR Group GmbH beh\u00e4lt sich das Recht vor, technische Daten, Ausstattungsmerkmale und Farben der auf dieser Website beschriebenen Fahrzeuge jederzeit und ohne vorheriger Ank\u00fcndigung zu \u00e4ndern. Die auf dieser Website dargestellten Fahrzeuge dienen nur zu Anschauungszwecken und stellen keine zugesicherten Eigenschaften dar. Haftung f\u00fcr etwaige Darstellungs- und Satzfehler ausgeschlossen.<\/p>\n","cta_button_label":"","cta_link":null}],"meta_description":"Malaguti Bikes, Imprint, Impressum, The spirit of Bologna","meta_keywords":"Malaguti Bikes, Imprint, Impressum, The spirit of Bologna"},"_links":{"self":[{"href":"https:\/\/malaguti.bike\/de\/wp-json\/wp\/v2\/pages\/28826"}],"collection":[{"href":"https:\/\/malaguti.bike\/de\/wp-json\/wp\/v2\/pages"}],"about":[{"href":"https:\/\/malaguti.bike\/de\/wp-json\/wp\/v2\/types\/page"}],"author":[{"embeddable":true,"href":"https:\/\/malaguti.bike\/de\/wp-json\/wp\/v2\/users\/20"}],"replies":[{"embeddable":true,"href":"https:\/\/malaguti.bike\/de\/wp-json\/wp\/v2\/comments?post=28826"}],"version-history":[{"count":1,"href":"https:\/\/malaguti.bike\/de\/wp-json\/wp\/v2\/pages\/28826\/revisions"}],"predecessor-version":[{"id":28841,"href":"https:\/\/malaguti.bike\/de\/wp-json\/wp\/v2\/pages\/28826\/revisions\/28841"}],"wp:attachment":[{"href":"https:\/\/malaguti.bike\/de\/wp-json\/wp\/v2\/media?parent=28826"}],"curies":[{"name":"wp","href":"https:\/\/api.w.org\/{rel}","templated":true}]}}