{"id":35658,"date":"2018-10-23T07:37:33","date_gmt":"2018-10-23T06:37:33","guid":{"rendered":"https:\/\/malaguti.bike\/contact\/"},"modified":"2024-01-18T16:29:00","modified_gmt":"2024-01-18T16:29:00","slug":"contact","status":"publish","type":"page","link":"https:\/\/malaguti.bike\/cs\/contact\/","title":{"rendered":"Contact"},"content":{"rendered":"","protected":false},"excerpt":{"rendered":"","protected":false},"author":3,"featured_media":0,"parent":0,"menu_order":0,"comment_status":"closed","ping_status":"closed","template":"template-contact.php","meta":{"inline_featured_image":false},"acf":{"distributors":[{"country":{"en":"Austria","email":"customerservice@malaguti.bike"}},{"country":{"en":"Belgium","email":"customersupport@malaguti.bike"}},{"country":{"en":"France","email":"customersupport@malaguti.bike"}},{"country":{"en":"Germany","email":"customersupport@malaguti.bike"}},{"country":{"en":"Italy","email":"customersupport@malaguti.bike"}},{"country":{"en":"Switzerland","email":"customersupport@malaguti.bike"}},{"country":{"en":"Spain","email":"customersupport@malaguti.bike"}},{"country":{"en":"United Kingdom","email":"customerservice@malaguti.bike"}}],"intro_copy":{"en":"<h3>KONTAKTUJ N\u00c1S<\/h3>\n"},"details":[{"form_name":"consumer","contact_option_text":"M\u00e1m obecn\u00fd dotaz.","visible_fields":["firstNameField","lastNameField","emailField","messageField"],"country_list_or_email":"Distributor","to_email":"customerservice@malaguti.bike","optional_cc_email":""},{"form_name":"dealer","contact_option_text":"M\u00e1m z\u00e1jem st\u00e1t se prodejcem stroj\u016f Malaguti.","visible_fields":["firstNameField","lastNameField","emailField","cityField","companyField","messageField"],"country_list_or_email":"Distributor","to_email":"customerservice@malaguti.bike","optional_cc_email":""},{"form_name":"media","contact_option_text":"Pracuji v m\u00e9di\u00edch \/ tisku a r\u00e1d bych z\u00edskal v\u00edce informac\u00ed.","visible_fields":["firstNameField","lastNameField","emailField","mediaField","messageField"],"country_list_or_email":"Distributor","to_email":"customerservice@malaguti.bike","optional_cc_email":""}],"contact_form_placeholders":{"country_select":{"en":"Select Country"},"first_name":{"en":"JM\u00c9NO"},"last_name":{"en":"P\u0158\u00cdJMEN\u00cd"},"email":{"en":"Email"},"city":{"en":"City"},"company":{"en":"Company"},"message":{"en":"ZPR\u00c1VA"},"optin":{"en":"T\u00edmto d\u00e1v\u00e1m spole\u010dnosti Malaguti souhlas k tomu, aby uchov\u00e1vala m\u00e9 osobn\u00ed \u00fadaje a kontaktovala m\u011b s novinkami a aktualizacemi o produktech a slu\u017eb\u00e1ch Malaguti v souladu s evropskou legislativou GDPR."},"send_button":{"en":"Send"}},"imprint":{"en":"<h4>IMPRINT<\/h4>\n<p>Company Name: KSR Group<br \/>\nGeneral Managers: Christian and Michael Kirschenhofer<br \/>\nCompany Register: FN33744z<br \/>\nResponsible Court: Landesgericht Krems<br \/>\nVAT-ID: ATU 18522105<br \/>\nBranding and Website Design: Kastner London<br \/>\nPrivacy Statement: More information here<\/p>\n<p>All information is provided without warranty. Errors and changes are reserved.<\/p>\n"},"meta_description":"Malaguti - The spirit of Bologna: Designed to open up the busiest streets, Malaguti\u2019s next generation is coming. It\u2019s a dynamic range of motorcycles with uncompromising style. ","meta_keywords":"Malaguti, Sport, Street, Supermoto, Enduro, Adventure, City, Motorcycles, Motorbike, Bike, Scooter, 125cc, 300cc, Dealersearch, Spirit of Bologna, motorcycle, Dune, Monte Pro, Monte, Madison, RST, XSM, XTM","name_field":false,"email_field":false,"city_field":false,"company_field":false,"media_field":false,"confirmation_page":""},"_links":{"self":[{"href":"https:\/\/malaguti.bike\/cs\/wp-json\/wp\/v2\/pages\/35658"}],"collection":[{"href":"https:\/\/malaguti.bike\/cs\/wp-json\/wp\/v2\/pages"}],"about":[{"href":"https:\/\/malaguti.bike\/cs\/wp-json\/wp\/v2\/types\/page"}],"author":[{"embeddable":true,"href":"https:\/\/malaguti.bike\/cs\/wp-json\/wp\/v2\/users\/3"}],"replies":[{"embeddable":true,"href":"https:\/\/malaguti.bike\/cs\/wp-json\/wp\/v2\/comments?post=35658"}],"version-history":[{"count":3,"href":"https:\/\/malaguti.bike\/cs\/wp-json\/wp\/v2\/pages\/35658\/revisions"}],"predecessor-version":[{"id":36153,"href":"https:\/\/malaguti.bike\/cs\/wp-json\/wp\/v2\/pages\/35658\/revisions\/36153"}],"wp:attachment":[{"href":"https:\/\/malaguti.bike\/cs\/wp-json\/wp\/v2\/media?parent=35658"}],"curies":[{"name":"wp","href":"https:\/\/api.w.org\/{rel}","templated":true}]}}